{"id":10497,"date":"2022-05-10T18:00:44","date_gmt":"2022-05-10T18:00:44","guid":{"rendered":"https:\/\/lightup.lv\/product\/kresls-tribeca-divvietigs\/"},"modified":"2024-01-30T11:58:31","modified_gmt":"2024-01-30T11:58:31","slug":"kresls-tribeca-divvietigs","status":"publish","type":"product","link":"https:\/\/lightup.lv\/et\/tootekataloog\/kresls-tribeca-divvietigs\/","title":{"rendered":"Tribeca kahekohaline tool"},"content":{"rendered":"<p>Materi\u0101ls \u2013 PVC, T\u0113rauds<br \/>\nSaadaval on erinevad v\u00e4rvid<br \/>\nKr\u0113sla augstums \u201370 cm<br \/>\nRoku balstu augstums &#8211; 56 cm<br \/>\nS\u0113des platums \u2013 120 cm<br \/>\nKr\u0113sla garums \u2013 65,5 cm<br \/>\nS\u0113des augstums \u2013 43 cm<\/p>\n<p>ID 3666<\/p>","protected":false},"excerpt":{"rendered":"<p>Tribeca atg\u0101dina pag\u0101tnes mierino\u0161\u0101s atska\u0146as, pied\u0101v\u0101jot m\u016bsdien\u012bgu klasisko se\u0161desmito gadu terases kr\u0113slu interpret\u0101ciju, kas izgatavota no t\u0113rauda un austas auklas. Saliekamajam divviet\u012bgajam d\u012bv\u0101nam ir t\u0113rauda cauru\u013cu r\u0101mis \u00d820 mm, kas p\u0101rkl\u0101ts ar pulverkr\u0101sojumu, izmanto\u0161anai \u0101rpus telp\u0101m, atzveltne un s\u0113deklis no vertik\u0101li austa ekstrud\u0113ta PVC ar neilona serdi. Kolekcija ir \u012bpa\u0161i izstr\u0101d\u0101ta lieto\u0161anai \u0101rpus telp\u0101m.<\/p>","protected":false},"featured_media":10498,"template":"","meta":{"_acf_changed":false},"product_brand":[],"product_cat":[126,80,119,73,124,28,38,51,122,50],"product_tag":[125],"class_list":{"0":"post-10497","1":"product","2":"type-product","3":"status-publish","4":"has-post-thumbnail","6":"product_cat-apmekletaju-kresli","7":"product_cat-atputas-kresli","8":"product_cat-atputas-kresli-kresli","9":"product_cat-divani-terases","10":"product_cat-kresli-konfernecu","11":"product_cat-kresli","12":"product_cat-kresli-pie-galda","13":"product_cat-kresli-terases-mebeles","14":"product_cat-terases-bara-kresli","15":"product_cat-terases-mebeles","16":"product_tag-pedrali","18":"first","19":"instock","20":"shipping-taxable","21":"purchasable","22":"product-type-simple"},"acf":[],"_links":{"self":[{"href":"https:\/\/lightup.lv\/et\/wp-json\/wp\/v2\/product\/10497","targetHints":{"allow":["GET"]}}],"collection":[{"href":"https:\/\/lightup.lv\/et\/wp-json\/wp\/v2\/product"}],"about":[{"href":"https:\/\/lightup.lv\/et\/wp-json\/wp\/v2\/types\/product"}],"wp:featuredmedia":[{"embeddable":true,"href":"https:\/\/lightup.lv\/et\/wp-json\/wp\/v2\/media\/10498"}],"wp:attachment":[{"href":"https:\/\/lightup.lv\/et\/wp-json\/wp\/v2\/media?parent=10497"}],"wp:term":[{"taxonomy":"product_brand","embeddable":true,"href":"https:\/\/lightup.lv\/et\/wp-json\/wp\/v2\/product_brand?post=10497"},{"taxonomy":"product_cat","embeddable":true,"href":"https:\/\/lightup.lv\/et\/wp-json\/wp\/v2\/product_cat?post=10497"},{"taxonomy":"product_tag","embeddable":true,"href":"https:\/\/lightup.lv\/et\/wp-json\/wp\/v2\/product_tag?post=10497"}],"curies":[{"name":"wp","href":"https:\/\/api.w.org\/{rel}","templated":true}]}}