{"id":10508,"date":"2022-05-10T18:09:28","date_gmt":"2022-05-10T18:09:28","guid":{"rendered":"https:\/\/lightup.lv\/product\/kresls-tweet-ar-atzveltni\/"},"modified":"2024-01-30T11:57:47","modified_gmt":"2024-01-30T11:57:47","slug":"kresls-tweet-ar-atzveltni","status":"publish","type":"product","link":"https:\/\/lightup.lv\/et\/precu-katalogs\/kresls-tweet-ar-atzveltni\/","title":{"rendered":"Tweet tool seljatoega"},"content":{"rendered":"<p>Materjal \u2013 pol\u00fcprop\u00fcleen, teras<br \/>\nSaadaval on erinevad v\u00e4rvid<br \/>\nTooli k\u00f5rgus \u2013 80,5 cm<br \/>\nS\u0113des platums \u2013 54 cm<br \/>\nTooli pikkus \u2013 52,5 cm<br \/>\nIstme k\u00f5rgus \u2013 46 cm<\/p>\n<p>ID 890<\/p>","protected":false},"excerpt":{"rendered":"<p>Tweet ir kr\u0113slu kolekcija, kas apvieno racion\u0101lu un t\u012bru virsb\u016bves dizainu ar pla\u0161u r\u0101mju un apdares izv\u0113li, lai nodro\u0161in\u0101tu maksim\u0101lu piel\u0101go\u0161anos sadz\u012bves videi. Saliekams kr\u0113sls ar dubultu iesmidzin\u0101\u0161anu veidotu polipropil\u0113na apvalku un \u00d814 mm t\u0113rauda caurules r\u0101mi.<\/p>","protected":false},"featured_media":10509,"template":"","meta":{"_acf_changed":false},"product_brand":[],"product_cat":[126,121,28],"product_tag":[125],"class_list":{"0":"post-10508","1":"product","2":"type-product","3":"status-publish","4":"has-post-thumbnail","6":"product_cat-apmekletaju-kresli","7":"product_cat-biroja-kresli","8":"product_cat-kresli","9":"product_tag-pedrali","11":"first","12":"instock","13":"shipping-taxable","14":"purchasable","15":"product-type-simple"},"acf":[],"_links":{"self":[{"href":"https:\/\/lightup.lv\/et\/wp-json\/wp\/v2\/product\/10508","targetHints":{"allow":["GET"]}}],"collection":[{"href":"https:\/\/lightup.lv\/et\/wp-json\/wp\/v2\/product"}],"about":[{"href":"https:\/\/lightup.lv\/et\/wp-json\/wp\/v2\/types\/product"}],"wp:featuredmedia":[{"embeddable":true,"href":"https:\/\/lightup.lv\/et\/wp-json\/wp\/v2\/media\/10509"}],"wp:attachment":[{"href":"https:\/\/lightup.lv\/et\/wp-json\/wp\/v2\/media?parent=10508"}],"wp:term":[{"taxonomy":"product_brand","embeddable":true,"href":"https:\/\/lightup.lv\/et\/wp-json\/wp\/v2\/product_brand?post=10508"},{"taxonomy":"product_cat","embeddable":true,"href":"https:\/\/lightup.lv\/et\/wp-json\/wp\/v2\/product_cat?post=10508"},{"taxonomy":"product_tag","embeddable":true,"href":"https:\/\/lightup.lv\/et\/wp-json\/wp\/v2\/product_tag?post=10508"}],"curies":[{"name":"t\u00f6\u00f6leht","href":"https:\/\/api.w.org\/{rel}","templated":true}]}}