{"id":10629,"date":"2022-05-10T19:11:07","date_gmt":"2022-05-10T19:11:07","guid":{"rendered":"https:\/\/lightup.lv\/product\/pufs-wow\/"},"modified":"2024-01-30T11:38:19","modified_gmt":"2024-01-30T11:38:19","slug":"pufs-wow","status":"publish","type":"product","link":"https:\/\/lightup.lv\/et\/precu-katalogs\/pufs-wow\/","title":{"rendered":"Vau-tumba"},"content":{"rendered":"<p>Materjal \u2013 pol\u00fcet\u00fcleen<br \/>\nSaadaval on erinevad v\u00e4rvid<br \/>\nPufa augstums \u2013 29 cm<br \/>\nDiametrs- 66 cm<\/p>\n<p>ID 470<\/p>","protected":false},"excerpt":{"rendered":"<p>Pol\u00fcet\u00fcleenist valmistatud tumba, mis lisab avalikku ja kodusesse keskkonda iroonilist ja vabaaja h\u00f5ngu.<\/p>","protected":false},"featured_media":10630,"template":"","meta":{"_acf_changed":false},"product_brand":[],"product_cat":[80,101,116,50],"product_tag":[125],"class_list":{"0":"post-10629","1":"product","2":"type-product","3":"status-publish","4":"has-post-thumbnail","6":"product_cat-atputas-kresli","7":"product_cat-biroja-mebeles","8":"product_cat-pufi","9":"product_cat-terases-mebeles","10":"product_tag-pedrali","12":"first","13":"instock","14":"shipping-taxable","15":"purchasable","16":"product-type-simple"},"acf":[],"_links":{"self":[{"href":"https:\/\/lightup.lv\/et\/wp-json\/wp\/v2\/product\/10629","targetHints":{"allow":["GET"]}}],"collection":[{"href":"https:\/\/lightup.lv\/et\/wp-json\/wp\/v2\/product"}],"about":[{"href":"https:\/\/lightup.lv\/et\/wp-json\/wp\/v2\/types\/product"}],"wp:featuredmedia":[{"embeddable":true,"href":"https:\/\/lightup.lv\/et\/wp-json\/wp\/v2\/media\/10630"}],"wp:attachment":[{"href":"https:\/\/lightup.lv\/et\/wp-json\/wp\/v2\/media?parent=10629"}],"wp:term":[{"taxonomy":"product_brand","embeddable":true,"href":"https:\/\/lightup.lv\/et\/wp-json\/wp\/v2\/product_brand?post=10629"},{"taxonomy":"product_cat","embeddable":true,"href":"https:\/\/lightup.lv\/et\/wp-json\/wp\/v2\/product_cat?post=10629"},{"taxonomy":"product_tag","embeddable":true,"href":"https:\/\/lightup.lv\/et\/wp-json\/wp\/v2\/product_tag?post=10629"}],"curies":[{"name":"t\u00f6\u00f6leht","href":"https:\/\/api.w.org\/{rel}","templated":true}]}}