{"id":10651,"date":"2022-05-11T07:56:33","date_gmt":"2022-05-11T07:56:33","guid":{"rendered":"https:\/\/lightup.lv\/product\/regulejama-stavlampa\/"},"modified":"2024-02-04T08:26:22","modified_gmt":"2024-02-04T08:26:22","slug":"reguleeritav-porandalamp","status":"publish","type":"product","link":"https:\/\/lightup.lv\/et\/precu-katalogs\/regulejama-stavlampa\/","title":{"rendered":"Macanica Plus must p\u00f5randalamp"},"content":{"rendered":"<p class=\"western\"><span style=\"font-family: Arial, sans-serif\"><span style=\"font-size: medium\">LED 7,9 W 2700\u20136500 K, 520\u2013610 lm (reguleeritav valgustemperatuur) <\/span><\/span><\/p>\n<p class=\"western\"><span style=\"font-family: Arial, sans-serif\"><span style=\"font-size: medium\">H\u00e4mardatav \u2013 reguleeritav valgushulk <\/span><\/span><\/p>\n<p class=\"western\"><span style=\"font-family: Arial, sans-serif\"><span style=\"font-size: medium\">IP20 niiskuskindlus<\/span><\/span><\/p>\n<p class=\"western\"><span style=\"font-family: Arial, sans-serif\"><span style=\"font-size: medium\">Reguleeritav kuni 329 kraadi <\/span><\/span><\/p>\n<p class=\"western\"><span style=\"font-family: Arial, sans-serif\"><span style=\"font-size: medium\">Lambi k\u00f5rgus \u2013 136 cm<\/span><\/span><\/p>\n<p class=\"western\"><span style=\"font-family: Arial, sans-serif\"><span style=\"font-size: medium\">Lambi laius \u2013 53,5 cm <\/span><\/span><\/p>\n<p class=\"western\"><span style=\"font-family: Arial, sans-serif\"><span style=\"font-size: medium\">Lambialus \u2013 30 \u00d7 20 cm <\/span><\/span><\/p>\n<p> ID 1002405<\/p>","protected":false},"excerpt":{"rendered":"<p class=\"western\">Kirg, vastutus, austus ja usaldusv\u00e4\u00e4rsus. Need on meie p\u00f5hiv\u00e4\u00e4rtused. S\u00f5nad, mis pole pelgalt t\u00fchjad turunduss\u00f5nad, vaid on t\u00e4is t\u00e4hendust ja elu. Meie kirg valguse vastu on sama d\u00fcnaamiline kui valgus ise. Valgustuse muutmine kogemuseks \u2013 ja seega jagamiseks sobivaks hetkeks \u2013 on meie liikumapanev j\u00f5ud. Me tahame olla lahendus teie valgusevisioonile.<\/p>","protected":false},"featured_media":10652,"template":"","meta":{"_acf_changed":false},"product_brand":[],"product_cat":[42,61],"product_tag":[127],"class_list":{"0":"post-10651","1":"product","2":"type-product","3":"status-publish","4":"has-post-thumbnail","6":"product_cat-apgaismojums","7":"product_cat-stavlampas","8":"product_tag-slv","10":"first","11":"instock","12":"shipping-taxable","13":"purchasable","14":"product-type-simple"},"acf":[],"_links":{"self":[{"href":"https:\/\/lightup.lv\/et\/wp-json\/wp\/v2\/product\/10651","targetHints":{"allow":["GET"]}}],"collection":[{"href":"https:\/\/lightup.lv\/et\/wp-json\/wp\/v2\/product"}],"about":[{"href":"https:\/\/lightup.lv\/et\/wp-json\/wp\/v2\/types\/product"}],"wp:featuredmedia":[{"embeddable":true,"href":"https:\/\/lightup.lv\/et\/wp-json\/wp\/v2\/media\/10652"}],"wp:attachment":[{"href":"https:\/\/lightup.lv\/et\/wp-json\/wp\/v2\/media?parent=10651"}],"wp:term":[{"taxonomy":"product_brand","embeddable":true,"href":"https:\/\/lightup.lv\/et\/wp-json\/wp\/v2\/product_brand?post=10651"},{"taxonomy":"product_cat","embeddable":true,"href":"https:\/\/lightup.lv\/et\/wp-json\/wp\/v2\/product_cat?post=10651"},{"taxonomy":"product_tag","embeddable":true,"href":"https:\/\/lightup.lv\/et\/wp-json\/wp\/v2\/product_tag?post=10651"}],"curies":[{"name":"t\u00f6\u00f6leht","href":"https:\/\/api.w.org\/{rel}","templated":true}]}}