{"id":10696,"date":"2022-05-12T09:57:55","date_gmt":"2022-05-12T09:57:55","guid":{"rendered":"https:\/\/lightup.lv\/product\/worklight-melna-stavlapma\/"},"modified":"2024-02-04T08:26:22","modified_gmt":"2024-02-04T08:26:22","slug":"worklight-melna-stavlapma","status":"publish","type":"product","link":"https:\/\/lightup.lv\/et\/precu-katalogs\/worklight-melna-stavlapma\/","title":{"rendered":"WORKLIGHT must seisulaud"},"content":{"rendered":"<p>LED 79W, 4000K, 7600lm<\/p>\n<p>H\u00e4mardatav \u2013 reguleeritav valgushulk<\/p>\n<p>IP20 \u2013 niiskuskindlus<\/p>\n<p>Lampas stat\u012bva augstums \u2013 195 cm<\/p>\n<p>Lambi pikkus \u2013 69,2 cm<\/p>\n<p>Lambi laius \u2013 31 cm<\/p>\n<p>Pamatnes garums un platums &#8211; 46&#215;30 cm<\/p>\n<p>Liikumisandur \u2013 infrapuna<\/p>\n<p>Juhtme pikkus \u2013 250 cm<\/p>\n<p> ID 1005390<\/p>","protected":false},"excerpt":{"rendered":"<p>Kirg, vastutus, austus ja usaldusv\u00e4\u00e4rsus. Need on meie p\u00f5hiv\u00e4\u00e4rtused. S\u00f5nad, mis pole pelgalt t\u00fchjad turunduss\u00f5nad, vaid on t\u00e4is t\u00e4hendust ja elu. Meie kirg valguse vastu on sama d\u00fcnaamiline kui valgus ise. Valgustuse muutmine kogemuseks \u2013 ja seega jagamiseks sobivaks hetkeks \u2013 on meie liikumapanev j\u00f5ud. Me tahame olla lahendus teie valgusevisioonile.<\/p>\n<p>Viimase 40 aasta jooksul on SLV Lighting Group t\u00e4iustanud professionaalseid valgustuslahendusi, m\u00fc\u00fces neid enam kui 100 riigis. Ka meie br\u00e4ndi p\u00f5hiv\u00e4\u00e4rtused pole muutunud ning otsime pidevalt uusi viise, kuidas oma kliente r\u00f5\u00f5mustada uusimate uuenduste ja stiilsete t\u00e4iustustega kodu-, t\u00f6\u00f6- ja \u00e4rikeskkondades.<\/p>","protected":false},"featured_media":10697,"template":"","meta":{"_acf_changed":false},"product_brand":[],"product_cat":[42,61],"product_tag":[127],"class_list":{"0":"post-10696","1":"product","2":"type-product","3":"status-publish","4":"has-post-thumbnail","6":"product_cat-apgaismojums","7":"product_cat-stavlampas","8":"product_tag-slv","10":"first","11":"instock","12":"shipping-taxable","13":"purchasable","14":"product-type-simple"},"acf":[],"_links":{"self":[{"href":"https:\/\/lightup.lv\/et\/wp-json\/wp\/v2\/product\/10696","targetHints":{"allow":["GET"]}}],"collection":[{"href":"https:\/\/lightup.lv\/et\/wp-json\/wp\/v2\/product"}],"about":[{"href":"https:\/\/lightup.lv\/et\/wp-json\/wp\/v2\/types\/product"}],"wp:featuredmedia":[{"embeddable":true,"href":"https:\/\/lightup.lv\/et\/wp-json\/wp\/v2\/media\/10697"}],"wp:attachment":[{"href":"https:\/\/lightup.lv\/et\/wp-json\/wp\/v2\/media?parent=10696"}],"wp:term":[{"taxonomy":"product_brand","embeddable":true,"href":"https:\/\/lightup.lv\/et\/wp-json\/wp\/v2\/product_brand?post=10696"},{"taxonomy":"product_cat","embeddable":true,"href":"https:\/\/lightup.lv\/et\/wp-json\/wp\/v2\/product_cat?post=10696"},{"taxonomy":"product_tag","embeddable":true,"href":"https:\/\/lightup.lv\/et\/wp-json\/wp\/v2\/product_tag?post=10696"}],"curies":[{"name":"t\u00f6\u00f6leht","href":"https:\/\/api.w.org\/{rel}","templated":true}]}}