{"id":107,"date":"2018-07-23T10:54:02","date_gmt":"2018-07-23T10:54:02","guid":{"rendered":"https:\/\/lightup.lv\/product\/chevron-akustiskie-sienas-paneli\/"},"modified":"2025-03-14T16:07:39","modified_gmt":"2025-03-14T14:07:39","slug":"chevron-akustilised-seinapaneelid","status":"publish","type":"product","link":"https:\/\/lightup.lv\/et\/precu-katalogs\/chevron-akustiskie-sienas-paneli\/","title":{"rendered":"Chevroni akustilised seinapaneelid"},"content":{"rendered":"<p><span style=\"font-family: georgia, palatino, serif;\">M\u00f5\u00f5tmed:<\/span><\/p>\n<p><span style=\"font-family: georgia, palatino, serif;\">550 \u00d7 300 \u00d7 20\/50 mm<\/span><\/p>\n<p><span style=\"font-family: georgia, palatino, serif;\">Vajalik on t\u00e4iendav montaa\u017eiliim.\u00a0<\/span><\/p>\n<p>ID-\u0161evron<\/p>","protected":false},"excerpt":{"rendered":"<p>V\u00e4ga moodne ja julge disain silmatorkava 3D-efektiga. Soovitatav moodsatesse interj\u00f6\u00f6ridesse, kus teravad vormid suhtlevad sirgjoontega. Ideaalne hajutatud paigutusena, kus \u00fchtlased ja atraktiivsed kujundid moodustavad kaasaegse disaini. Ebatraditsiooniline mudel, millel on suur potentsiaal Fluffo v\u00e4rvipaleti v\u00f5imaluste uurimiseks.<\/p>","protected":false},"featured_media":108,"template":"","meta":{"_acf_changed":false},"product_brand":[],"product_cat":[18,21],"product_tag":[20],"class_list":{"0":"post-107","1":"product","2":"type-product","3":"status-publish","4":"has-post-thumbnail","6":"product_cat-dizaina-skanas-izolacija","7":"product_cat-fluffo-soft-sienam","8":"product_tag-fluffo","10":"first","11":"instock","12":"shipping-taxable","13":"purchasable","14":"product-type-simple"},"acf":[],"_links":{"self":[{"href":"https:\/\/lightup.lv\/et\/wp-json\/wp\/v2\/product\/107","targetHints":{"allow":["GET"]}}],"collection":[{"href":"https:\/\/lightup.lv\/et\/wp-json\/wp\/v2\/product"}],"about":[{"href":"https:\/\/lightup.lv\/et\/wp-json\/wp\/v2\/types\/product"}],"wp:featuredmedia":[{"embeddable":true,"href":"https:\/\/lightup.lv\/et\/wp-json\/wp\/v2\/media\/108"}],"wp:attachment":[{"href":"https:\/\/lightup.lv\/et\/wp-json\/wp\/v2\/media?parent=107"}],"wp:term":[{"taxonomy":"product_brand","embeddable":true,"href":"https:\/\/lightup.lv\/et\/wp-json\/wp\/v2\/product_brand?post=107"},{"taxonomy":"product_cat","embeddable":true,"href":"https:\/\/lightup.lv\/et\/wp-json\/wp\/v2\/product_cat?post=107"},{"taxonomy":"product_tag","embeddable":true,"href":"https:\/\/lightup.lv\/et\/wp-json\/wp\/v2\/product_tag?post=107"}],"curies":[{"name":"t\u00f6\u00f6leht","href":"https:\/\/api.w.org\/{rel}","templated":true}]}}