{"id":11593,"date":"2022-05-14T10:27:48","date_gmt":"2022-05-14T10:27:48","guid":{"rendered":"https:\/\/lightup.lv\/product\/glenos-60-peleka-led-sienas-lampa\/"},"modified":"2024-02-04T08:26:27","modified_gmt":"2024-02-04T08:26:27","slug":"glenos-60-peleka-led-sienas-lampa","status":"publish","type":"product","link":"https:\/\/lightup.lv\/et\/tootekataloog\/glenos-60-peleka-led-sienas-lampa\/","title":{"rendered":"GLENOS 60 pel\u0113ka LED sienas lampa"},"content":{"rendered":"<p>LED, 12 W, CCT sl\u0113dzis, 3000\/4000 K, 1170 lm (regul\u0113jama gaismas temperat\u016bra)<\/p>\n<p>IP-klassifikatsioon \u2013 IP20<\/p>\n<p>Kr\u0101sa &#8211; pel\u0113ka<\/p>\n<p>Lampas platums &#8211; 61,5 cm<\/p>\n<p>Lampas dzi\u013cums &#8211; 8 cm<\/p>\n<p>Lampas augstums &#8211; 3,7 cm<\/p>\n<p> ID 1003508<\/p>","protected":false},"excerpt":{"rendered":"<p>Kirg, vastutus, austus ja usaldusv\u00e4\u00e4rsus. Need on meie p\u00f5hiv\u00e4\u00e4rtused. S\u00f5nad, mis pole pelgalt t\u00fchjad turunduss\u00f5nad, vaid on t\u00e4is t\u00e4hendust ja elu. Meie kirg valguse vastu on sama d\u00fcnaamiline kui valgus ise. Valgustuse muutmine kogemuseks \u2013 ja seega jagamiseks m\u00f5eldud hetkeks \u2013 on meie liikumapanev j\u00f5ud. Me tahame olla lahendus teie valgusvisioonile. Viimase 40 aasta jooksul on SLV Lighting Group t\u00e4iustanud professionaalseid valgustuslahendusi, m\u00fc\u00fces neid enam kui 100 riigis. Ka meie br\u00e4ndi p\u00f5hiv\u00e4\u00e4rtused pole muutunud, kuna me j\u00e4tkame uute viiside otsimist, kuidas oma kliente r\u00f5\u00f5mustada uusimate uuenduste ja stiilsete t\u00e4iustustega kodu-, t\u00f6\u00f6- ja \u00e4rikeskkondades.<\/p>","protected":false},"featured_media":11594,"template":"","meta":{"_acf_changed":false},"product_brand":[],"product_cat":[42,49],"product_tag":[127],"class_list":{"0":"post-11593","1":"product","2":"type-product","3":"status-publish","4":"has-post-thumbnail","6":"product_cat-apgaismojums","7":"product_cat-sienas-lampas","8":"product_tag-slv","10":"first","11":"instock","12":"shipping-taxable","13":"purchasable","14":"product-type-simple"},"acf":[],"_links":{"self":[{"href":"https:\/\/lightup.lv\/et\/wp-json\/wp\/v2\/product\/11593","targetHints":{"allow":["GET"]}}],"collection":[{"href":"https:\/\/lightup.lv\/et\/wp-json\/wp\/v2\/product"}],"about":[{"href":"https:\/\/lightup.lv\/et\/wp-json\/wp\/v2\/types\/product"}],"wp:featuredmedia":[{"embeddable":true,"href":"https:\/\/lightup.lv\/et\/wp-json\/wp\/v2\/media\/11594"}],"wp:attachment":[{"href":"https:\/\/lightup.lv\/et\/wp-json\/wp\/v2\/media?parent=11593"}],"wp:term":[{"taxonomy":"product_brand","embeddable":true,"href":"https:\/\/lightup.lv\/et\/wp-json\/wp\/v2\/product_brand?post=11593"},{"taxonomy":"product_cat","embeddable":true,"href":"https:\/\/lightup.lv\/et\/wp-json\/wp\/v2\/product_cat?post=11593"},{"taxonomy":"product_tag","embeddable":true,"href":"https:\/\/lightup.lv\/et\/wp-json\/wp\/v2\/product_tag?post=11593"}],"curies":[{"name":"wp","href":"https:\/\/api.w.org\/{rel}","templated":true}]}}