{"id":12663,"date":"2022-05-15T12:59:14","date_gmt":"2022-05-15T12:59:14","guid":{"rendered":"https:\/\/lightup.lv\/product\/para-cone-gl-balta\/"},"modified":"2024-02-04T08:26:35","modified_gmt":"2024-02-04T08:26:35","slug":"para-cone-gl-balta","status":"publish","type":"product","link":"https:\/\/lightup.lv\/et\/tootekataloog\/para-cone-gl-balta\/","title":{"rendered":"Slie\u017eu sist\u0113mas apgaismojums PARA CONE GL GU10"},"content":{"rendered":"<p><span data-sheets-value=\"{&quot;1&quot;:2,&quot;2&quot;:&quot;GU10 ligzda, 25 WnnnnVertik\u0101lais sl\u012bpuma diapazons 90 gr\u0101di, horizont\u0101l\u0101 - 300 gr\u0101dinnn nIP klasifik\u0101cija - IP20nnn nKr\u0101sa - balta, caursp\u012bd\u012bgannnnLampas augstums - 19,5 cmnnnnLampas diametrs - 13,5 cm&quot;}\" data-sheets-userformat=\"{&quot;2&quot;:15233,&quot;3&quot;:{&quot;1&quot;:0},&quot;10&quot;:2,&quot;11&quot;:3,&quot;12&quot;:0,&quot;14&quot;:{&quot;1&quot;:2,&quot;2&quot;:0},&quot;15&quot;:&quot;Calibri, sans-serif&quot;,&quot;16&quot;:11}\">GU10 ligzda, 25 W<br \/>\nVertik\u0101lais sl\u012bpuma diapazons 90 gr\u0101di, horizont\u0101lais &#8211; 300 gr\u0101di<br \/>\nIP-klassifikatsioon \u2013 IP20<br \/>\nKr\u0101sa &#8211; balta, caursp\u012bd\u012bga<br \/>\nLampas augstums &#8211; 19,5 cm<br \/>\nLampas diametrs &#8211; 13,5 cm<\/span><\/p>\n<p> ID 1006156<\/p>","protected":false},"excerpt":{"rendered":"<p><span data-sheets-value=\"{&quot;1&quot;:2,&quot;2&quot;:&quot;Kaisl\u012bba, atbild\u012bba, cie\u0146a un uzticam\u012bba. T\u0101s ir m\u016bsu pamatv\u0113rt\u012bbas. V\u0101rdi, kas nav tikai tuk\u0161i m\u0101rketinga v\u0101rdi, bet ir piepild\u012bti ar j\u0113gu un dz\u012bvi. M\u016bsu aizrau\u0161an\u0101s ar gaismu ir tikpat dinamiska k\u0101 pati gaisma. Apgaismojuma padar\u012b\u0161ana par pieredzi \u2014 un l\u012bdz ar to mirklis, ar kuru var dal\u012bties, ir m\u016bsu dzin\u0113jsp\u0113ks. M\u0113s v\u0113lamies b\u016bt risin\u0101jums j\u016bsu gaismas redz\u0113jumam. P\u0113d\u0113jo 40 gadu laik\u0101 SLV Lighting Group ir pilnveidojusi profesion\u0101lus apgaismojuma risin\u0101jumus, p\u0101rdodot tos vair\u0101k nek\u0101 100 valst\u012bs. Ar\u012b m\u016bsu z\u012bmola pamatv\u0113rt\u012bbas nav main\u012bju\u0161\u0101s, jo m\u0113s turpin\u0101m izp\u0113t\u012bt vair\u0101k veidu, k\u0101 iepriecin\u0101t savus klientus ar jaun\u0101kaj\u0101m inov\u0101cij\u0101m un stil\u012bgiem uzlabojumiem m\u0101jas, darba un komerci\u0101laj\u0101 vid\u0113.&quot;}\" data-sheets-userformat=\"{&quot;2&quot;:769,&quot;3&quot;:{&quot;1&quot;:0},&quot;11&quot;:3,&quot;12&quot;:0}\">Kirg, vastutus, austus ja usaldusv\u00e4\u00e4rsus. Need on meie p\u00f5hiv\u00e4\u00e4rtused. S\u00f5nad, mis pole pelgalt t\u00fchjad turunduss\u00f5nad, vaid on t\u00e4is t\u00e4hendust ja elu. Meie kirg valguse vastu on sama d\u00fcnaamiline kui valgus ise. Valgustuse muutmine kogemuseks \u2013 ja seega jagamiseks m\u00f5eldud hetkeks \u2013 on meie liikumapanev j\u00f5ud. Me tahame olla lahendus teie valgusvisioonile. Viimase 40 aasta jooksul on SLV Lighting Group t\u00e4iustanud professionaalseid valgustuslahendusi, m\u00fc\u00fces neid enam kui 100 riigis. Ka meie br\u00e4ndi p\u00f5hiv\u00e4\u00e4rtused pole muutunud, kuna me j\u00e4tkame uute viiside otsimist, kuidas oma kliente r\u00f5\u00f5mustada uusimate uuenduste ja stiilsete t\u00e4iustustega kodu-, t\u00f6\u00f6- ja \u00e4rikeskkondades.<\/span><\/p>","protected":false},"featured_media":12664,"template":"","meta":{"_acf_changed":false},"product_brand":[],"product_cat":[42,128],"product_tag":[127],"class_list":{"0":"post-12663","1":"product","2":"type-product","3":"status-publish","4":"has-post-thumbnail","6":"product_cat-apgaismojums","7":"product_cat-sliezu-sistemas-prozektori","8":"product_tag-slv","10":"first","11":"instock","12":"shipping-taxable","13":"purchasable","14":"product-type-simple"},"acf":[],"_links":{"self":[{"href":"https:\/\/lightup.lv\/et\/wp-json\/wp\/v2\/product\/12663","targetHints":{"allow":["GET"]}}],"collection":[{"href":"https:\/\/lightup.lv\/et\/wp-json\/wp\/v2\/product"}],"about":[{"href":"https:\/\/lightup.lv\/et\/wp-json\/wp\/v2\/types\/product"}],"wp:featuredmedia":[{"embeddable":true,"href":"https:\/\/lightup.lv\/et\/wp-json\/wp\/v2\/media\/12664"}],"wp:attachment":[{"href":"https:\/\/lightup.lv\/et\/wp-json\/wp\/v2\/media?parent=12663"}],"wp:term":[{"taxonomy":"product_brand","embeddable":true,"href":"https:\/\/lightup.lv\/et\/wp-json\/wp\/v2\/product_brand?post=12663"},{"taxonomy":"product_cat","embeddable":true,"href":"https:\/\/lightup.lv\/et\/wp-json\/wp\/v2\/product_cat?post=12663"},{"taxonomy":"product_tag","embeddable":true,"href":"https:\/\/lightup.lv\/et\/wp-json\/wp\/v2\/product_tag?post=12663"}],"curies":[{"name":"wp","href":"https:\/\/api.w.org\/{rel}","templated":true}]}}