{"id":12765,"date":"2022-05-15T17:58:11","date_gmt":"2022-05-15T17:58:11","guid":{"rendered":"https:\/\/lightup.lv\/product\/avo-melna-piekarama-lampa\/"},"modified":"2024-02-04T08:26:36","modified_gmt":"2024-02-04T08:26:36","slug":"avo-melna-piekarama-lampa","status":"publish","type":"product","link":"https:\/\/lightup.lv\/et\/tootekataloog\/avo-melna-piekarama-lampa\/","title":{"rendered":"Slie\u017eu sist\u0113mas apgaismojums AVO"},"content":{"rendered":"<p>GU10 ligzda, max. 50 W, QPAR51<\/p>\n<p>Pirnid ei kuulu komplekti<\/p>\n<p>Vertik\u0101lais sl\u012bpuma diapazons 90 gr\u0101di, <span data-sheets-value=\"{&quot;1&quot;:2,&quot;2&quot;:&quot;GU10 ligzda, max. 50 W, QPAR51nnnnSpuldzes nav iek\u013cautasnnnnVertik\u0101lais sl\u012bpuma diapazons 90 gr\u0101di, horizont\u0101l\u0101 - 350 gr\u0101dinnnnIP klasifik\u0101cija - IP20nnnnKr\u0101sa - baltannnnLampas garums - 13 cmnnnnLampas augstums - 8 cmnnnnLampas diametrs - 6,2 cm&quot;}\" data-sheets-userformat=\"{&quot;2&quot;:15233,&quot;3&quot;:{&quot;1&quot;:0},&quot;10&quot;:2,&quot;11&quot;:3,&quot;12&quot;:0,&quot;14&quot;:{&quot;1&quot;:2,&quot;2&quot;:0},&quot;15&quot;:&quot;Calibri, sans-serif&quot;,&quot;16&quot;:11}\">horizont\u0101lais <\/span>&#8211; 350 gr\u0101di<\/p>\n<p>IP-klassifikatsioon \u2013 IP20<\/p>\n<p>V\u00e4rv \u2013 must<\/p>\n<p>Lampas garums &#8211; 13 cm<\/p>\n<p>Lambi k\u00f5rgus \u2013 8 cm<\/p>\n<p>Lampas diametrs &#8211; 6,2 cm<\/p>\n<p> ID 144200<\/p>","protected":false},"excerpt":{"rendered":"<p>Kirg, vastutus, austus ja usaldusv\u00e4\u00e4rsus. Need on meie p\u00f5hiv\u00e4\u00e4rtused. S\u00f5nad, mis pole pelgalt t\u00fchjad turunduss\u00f5nad, vaid on t\u00e4is t\u00e4hendust ja elu. Meie kirg valguse vastu on sama d\u00fcnaamiline kui valgus ise. Valgustuse muutmine kogemuseks \u2013 ja seega jagamiseks m\u00f5eldud hetkeks \u2013 on meie liikumapanev j\u00f5ud. Me tahame olla lahendus teie valgusvisioonile. Viimase 40 aasta jooksul on SLV Lighting Group t\u00e4iustanud professionaalseid valgustuslahendusi, m\u00fc\u00fces neid enam kui 100 riigis. Ka meie br\u00e4ndi p\u00f5hiv\u00e4\u00e4rtused pole muutunud, kuna me j\u00e4tkame uute viiside otsimist, kuidas oma kliente r\u00f5\u00f5mustada uusimate uuenduste ja stiilsete t\u00e4iustustega kodu-, t\u00f6\u00f6- ja \u00e4rikeskkondades.<\/p>","protected":false},"featured_media":12766,"template":"","meta":{"_acf_changed":false},"product_brand":[],"product_cat":[42,128],"product_tag":[127],"class_list":{"0":"post-12765","1":"product","2":"type-product","3":"status-publish","4":"has-post-thumbnail","6":"product_cat-apgaismojums","7":"product_cat-sliezu-sistemas-prozektori","8":"product_tag-slv","10":"first","11":"instock","12":"shipping-taxable","13":"purchasable","14":"product-type-simple"},"acf":[],"_links":{"self":[{"href":"https:\/\/lightup.lv\/et\/wp-json\/wp\/v2\/product\/12765","targetHints":{"allow":["GET"]}}],"collection":[{"href":"https:\/\/lightup.lv\/et\/wp-json\/wp\/v2\/product"}],"about":[{"href":"https:\/\/lightup.lv\/et\/wp-json\/wp\/v2\/types\/product"}],"wp:featuredmedia":[{"embeddable":true,"href":"https:\/\/lightup.lv\/et\/wp-json\/wp\/v2\/media\/12766"}],"wp:attachment":[{"href":"https:\/\/lightup.lv\/et\/wp-json\/wp\/v2\/media?parent=12765"}],"wp:term":[{"taxonomy":"product_brand","embeddable":true,"href":"https:\/\/lightup.lv\/et\/wp-json\/wp\/v2\/product_brand?post=12765"},{"taxonomy":"product_cat","embeddable":true,"href":"https:\/\/lightup.lv\/et\/wp-json\/wp\/v2\/product_cat?post=12765"},{"taxonomy":"product_tag","embeddable":true,"href":"https:\/\/lightup.lv\/et\/wp-json\/wp\/v2\/product_tag?post=12765"}],"curies":[{"name":"wp","href":"https:\/\/api.w.org\/{rel}","templated":true}]}}