{"id":12908,"date":"2022-05-16T12:36:22","date_gmt":"2022-05-16T12:36:22","guid":{"rendered":"https:\/\/lightup.lv\/product\/darza-lampa-eskina-frame-45-fl\/"},"modified":"2024-02-04T08:26:37","modified_gmt":"2024-02-04T08:26:37","slug":"aiavalgusti-eskina-raam-45-fl","status":"publish","type":"product","link":"https:\/\/lightup.lv\/et\/precu-katalogs\/darza-lampa-eskina-frame-45-fl\/","title":{"rendered":"Aiavalgusti ESKINA FRAME 45 FL"},"content":{"rendered":"<p>LED, 15 W, CCT-l\u00fclitiga 3000\/4000 K, 1200 lm<\/p>\n<p>Materjal \u2013 alumiinium<\/p>\n<p>Reguleeritav v\u00e4rvitemperatuur<\/p>\n<p>Lambi vertikaalne p\u00f6\u00f6rlemine \u2013 320 kraadi<\/p>\n<p>IP-kaitseaste \u2013 IP65<\/p>\n<p>V\u00e4rv \u2013 tumehall<\/p>\n<p>Lambi k\u00f5rgus \u2013 45 cm<\/p>\n<p>Lambialuse m\u00f5\u00f5tmed \u2013 15,5 \u00d7 11 cm<\/p>\n<p>Kaal \u2013 2,22 kg<\/p>\n<p> ID 1004749<\/p>","protected":false},"excerpt":{"rendered":"<p>Kirg, vastutus, austus ja usaldusv\u00e4\u00e4rsus. Need on meie p\u00f5hiv\u00e4\u00e4rtused. S\u00f5nad, mis pole pelgalt t\u00fchjad turunduss\u00f5nad, vaid on t\u00e4is t\u00e4hendust ja elu. Meie kirg valguse vastu on sama d\u00fcnaamiline kui valgus ise. Valgustuse muutmine kogemuseks \u2013 ja seega jagamiseks m\u00f5eldud hetkeks \u2013 on meie liikumapanev j\u00f5ud. Me tahame olla lahendus teie valgusvisioonile. Viimase 40 aasta jooksul on SLV Lighting Group t\u00e4iustanud professionaalseid valgustuslahendusi, m\u00fc\u00fces neid enam kui 100 riigis. Ka meie br\u00e4ndi p\u00f5hiv\u00e4\u00e4rtused pole muutunud, kuna me j\u00e4tkame uute viiside otsimist, kuidas oma kliente r\u00f5\u00f5mustada uusimate uuenduste ja stiilsete t\u00e4iustustega kodu-, t\u00f6\u00f6- ja \u00e4rikeskkondades.<\/p>","protected":false},"featured_media":12909,"template":"","meta":{"_acf_changed":false},"product_brand":[],"product_cat":[42,129],"product_tag":[127],"class_list":{"0":"post-12908","1":"product","2":"type-product","3":"status-publish","4":"has-post-thumbnail","6":"product_cat-apgaismojums","7":"product_cat-fasades-un-darza-apgaismojums","8":"product_tag-slv","10":"first","11":"instock","12":"shipping-taxable","13":"purchasable","14":"product-type-simple"},"acf":[],"_links":{"self":[{"href":"https:\/\/lightup.lv\/et\/wp-json\/wp\/v2\/product\/12908","targetHints":{"allow":["GET"]}}],"collection":[{"href":"https:\/\/lightup.lv\/et\/wp-json\/wp\/v2\/product"}],"about":[{"href":"https:\/\/lightup.lv\/et\/wp-json\/wp\/v2\/types\/product"}],"wp:featuredmedia":[{"embeddable":true,"href":"https:\/\/lightup.lv\/et\/wp-json\/wp\/v2\/media\/12909"}],"wp:attachment":[{"href":"https:\/\/lightup.lv\/et\/wp-json\/wp\/v2\/media?parent=12908"}],"wp:term":[{"taxonomy":"product_brand","embeddable":true,"href":"https:\/\/lightup.lv\/et\/wp-json\/wp\/v2\/product_brand?post=12908"},{"taxonomy":"product_cat","embeddable":true,"href":"https:\/\/lightup.lv\/et\/wp-json\/wp\/v2\/product_cat?post=12908"},{"taxonomy":"product_tag","embeddable":true,"href":"https:\/\/lightup.lv\/et\/wp-json\/wp\/v2\/product_tag?post=12908"}],"curies":[{"name":"t\u00f6\u00f6leht","href":"https:\/\/api.w.org\/{rel}","templated":true}]}}