{"id":13294,"date":"2022-05-16T19:02:18","date_gmt":"2022-05-16T19:02:18","guid":{"rendered":"https:\/\/lightup.lv\/product\/darza-lampa-theo-pathlight-double\/"},"modified":"2024-02-04T08:26:40","modified_gmt":"2024-02-04T08:26:40","slug":"darza-lamp-theo-kahekordne-teevalgusti","status":"publish","type":"product","link":"https:\/\/lightup.lv\/et\/tootekataloog\/darza-lamp-theo-kahekordne-teevalgusti\/","title":{"rendered":"Aialamp THEO PATHLIGHT topelt"},"content":{"rendered":"<p>GU10 sokkel, QPAR51, 7W<\/p>\n<p>Materjal \u2013 alumiinium<\/p>\n<p>Horisontaalne kaldenurk \u2013 90 kraadi<\/p>\n<p>IP-klassifikatsioon \u2013 IP44<\/p>\n<p>V\u00e4rv \u2013 tumehall<\/p>\n<p>Lambi k\u00f5rgus \u2013 72,5 cm<\/p>\n<p>Lambialuse m\u00f5\u00f5tmed \u2013 18 \u00d7 18 cm<\/p>\n<p>Kaal \u2013 3,41 kg<\/p>\n<p> ID 1002871<\/p>","protected":false},"excerpt":{"rendered":"<p>Kirg, vastutus, austus ja usaldusv\u00e4\u00e4rsus. Need on meie p\u00f5hiv\u00e4\u00e4rtused. S\u00f5nad, mis pole pelgalt t\u00fchjad turunduss\u00f5nad, vaid on t\u00e4is t\u00e4hendust ja elu. Meie kirg valguse vastu on sama d\u00fcnaamiline kui valgus ise. Valgustuse muutmine kogemuseks \u2013 ja seega jagamiseks m\u00f5eldud hetkeks \u2013 on meie liikumapanev j\u00f5ud. Me tahame olla lahendus teie valgusvisioonile. Viimase 40 aasta jooksul on SLV Lighting Group t\u00e4iustanud professionaalseid valgustuslahendusi, m\u00fc\u00fces neid enam kui 100 riigis. Ka meie br\u00e4ndi p\u00f5hiv\u00e4\u00e4rtused pole muutunud, kuna me j\u00e4tkame uute viiside otsimist, kuidas oma kliente r\u00f5\u00f5mustada uusimate uuenduste ja stiilsete t\u00e4iustustega kodu-, t\u00f6\u00f6- ja \u00e4rikeskkondades.<\/p>","protected":false},"featured_media":13295,"template":"","meta":{"_acf_changed":false},"product_brand":[],"product_cat":[42,129],"product_tag":[127],"class_list":{"0":"post-13294","1":"product","2":"type-product","3":"status-publish","4":"has-post-thumbnail","6":"product_cat-apgaismojums","7":"product_cat-darza-un-terases-apgaismojums","8":"product_tag-slv","10":"first","11":"instock","12":"shipping-taxable","13":"purchasable","14":"product-type-simple"},"acf":[],"_links":{"self":[{"href":"https:\/\/lightup.lv\/et\/wp-json\/wp\/v2\/product\/13294","targetHints":{"allow":["GET"]}}],"collection":[{"href":"https:\/\/lightup.lv\/et\/wp-json\/wp\/v2\/product"}],"about":[{"href":"https:\/\/lightup.lv\/et\/wp-json\/wp\/v2\/types\/product"}],"wp:featuredmedia":[{"embeddable":true,"href":"https:\/\/lightup.lv\/et\/wp-json\/wp\/v2\/media\/13295"}],"wp:attachment":[{"href":"https:\/\/lightup.lv\/et\/wp-json\/wp\/v2\/media?parent=13294"}],"wp:term":[{"taxonomy":"product_brand","embeddable":true,"href":"https:\/\/lightup.lv\/et\/wp-json\/wp\/v2\/product_brand?post=13294"},{"taxonomy":"product_cat","embeddable":true,"href":"https:\/\/lightup.lv\/et\/wp-json\/wp\/v2\/product_cat?post=13294"},{"taxonomy":"product_tag","embeddable":true,"href":"https:\/\/lightup.lv\/et\/wp-json\/wp\/v2\/product_tag?post=13294"}],"curies":[{"name":"wp","href":"https:\/\/api.w.org\/{rel}","templated":true}]}}