{"id":139,"date":"2018-07-23T11:13:56","date_gmt":"2018-07-23T11:13:56","guid":{"rendered":"https:\/\/lightup.lv\/product\/cube-akustiskie-sienas-paneli\/"},"modified":"2025-03-14T16:08:54","modified_gmt":"2025-03-14T14:08:54","slug":"cube-akustiskie-sienas-paneli","status":"publish","type":"product","link":"https:\/\/lightup.lv\/et\/tootekataloog\/cube-akustiskie-sienas-paneli\/","title":{"rendered":"Cube akustiskie sienas pane\u013ci"},"content":{"rendered":"<p><span style=\"font-family: georgia, palatino, serif;\">M\u00f5\u00f5tmed:<\/span><\/p>\n<p><span style=\"font-family: georgia, palatino, serif;\">500 x 500 x 20\/50 mm<\/span><\/p>\n<p><span style=\"font-family: georgia, palatino, serif;\">Vajalik on t\u00e4iendav montaa\u017eiliim.\u00a0<\/span><\/p>\n<p>ID Cube<\/p>","protected":false},"excerpt":{"rendered":"<p>Vienk\u0101r\u0161a forma ar lielisku potenci\u0101lu interesantu pas\u0101kumu veik\u0161anai. M\u016bsu kubs ir kvadr\u0101ts ar t\u0101 virsmu sagrieztu le\u0146\u0137\u012b. J\u016bs varat sp\u0113l\u0113t ar 3D efektu, pateicoties t\u0101 pret\u0113j\u0101s malu biezuma at\u0161\u0137ir\u012bbai. Kubs ir visievest\u0101kais uz liel\u0101m sienas virsm\u0101m, kur to lielumu var piln\u012bb\u0101 nov\u0113rt\u0113t.<\/p>","protected":false},"featured_media":140,"template":"","meta":{"_acf_changed":false},"product_brand":[],"product_cat":[18,21],"product_tag":[20],"class_list":{"0":"post-139","1":"product","2":"type-product","3":"status-publish","4":"has-post-thumbnail","6":"product_cat-dizaina-skanas-izolacija","7":"product_cat-fluffo-soft-sienam","8":"product_tag-fluffo","10":"first","11":"instock","12":"shipping-taxable","13":"purchasable","14":"product-type-simple"},"acf":[],"_links":{"self":[{"href":"https:\/\/lightup.lv\/et\/wp-json\/wp\/v2\/product\/139","targetHints":{"allow":["GET"]}}],"collection":[{"href":"https:\/\/lightup.lv\/et\/wp-json\/wp\/v2\/product"}],"about":[{"href":"https:\/\/lightup.lv\/et\/wp-json\/wp\/v2\/types\/product"}],"wp:featuredmedia":[{"embeddable":true,"href":"https:\/\/lightup.lv\/et\/wp-json\/wp\/v2\/media\/140"}],"wp:attachment":[{"href":"https:\/\/lightup.lv\/et\/wp-json\/wp\/v2\/media?parent=139"}],"wp:term":[{"taxonomy":"product_brand","embeddable":true,"href":"https:\/\/lightup.lv\/et\/wp-json\/wp\/v2\/product_brand?post=139"},{"taxonomy":"product_cat","embeddable":true,"href":"https:\/\/lightup.lv\/et\/wp-json\/wp\/v2\/product_cat?post=139"},{"taxonomy":"product_tag","embeddable":true,"href":"https:\/\/lightup.lv\/et\/wp-json\/wp\/v2\/product_tag?post=139"}],"curies":[{"name":"wp","href":"https:\/\/api.w.org\/{rel}","templated":true}]}}