{"id":16741,"date":"2022-06-09T17:34:23","date_gmt":"2022-06-09T17:34:23","guid":{"rendered":"https:\/\/lightup.lv\/product\/fluffo-art-2-lielformata-sienas-panelis\/"},"modified":"2025-03-18T12:34:56","modified_gmt":"2025-03-18T10:34:56","slug":"fluffo-art-2-suureformaadiline-seinapaneel","status":"publish","type":"product","link":"https:\/\/lightup.lv\/et\/tootekataloog\/fluffo-art-2-suureformaadiline-seinapaneel\/","title":{"rendered":"Fluffo ART 2 suureformaadiline seinapaneel"},"content":{"rendered":"<p>Hind on \u00fche paneeli kohta<br \/>\nMaterjal: pol\u00fcuretaanvaht<br \/>\nM\u00f5\u00f5tmed: 1100 x 1300 mm<br \/>\nPaksus: 56 mm<br \/>\nPaneeli pindala: 1,23 m\u00b2<br \/>\nPaneeli kaal: 8000 g<\/p>\n<p>ID artikkel 2<\/p>","protected":false},"excerpt":{"rendered":"<p>Fluffo ART on kunstiteos. See on suureformaadiline paneel, mis on saadaval laias v\u00e4rvivalikus ja mitmes kujus. See ei ole seina k\u00fclge p\u00fcsivalt kinnitatud \u2013 seda saab eemaldada ja p\u00f6\u00f6rata v\u00f5i vahetada teise Fluffo kunstiteosega, mis v\u00f5imaldab teil iga kord luua ainulaadse kompositsiooni. Kollektsioon sobib ideaalselt pikkadesse koridoridesse, trepikodadesse ja avaratesse magamistubadesse.<\/p>\n<p>Paneelid kinnitatakse seintele spetsiaalsete kinnitusdetailide abil. Neid on lihtne eemaldada, p\u00f6\u00f6rata v\u00f5i vahetada.<\/p>\n<p>Heli neeldumise indikaator \u03b1W = 0,80 vastavalt standardile PN-EN ISO 11654: 1997<\/p>","protected":false},"featured_media":16742,"template":"","meta":{"_acf_changed":false},"product_brand":[],"product_cat":[18,131],"product_tag":[20],"class_list":{"0":"post-16741","1":"product","2":"type-product","3":"status-publish","4":"has-post-thumbnail","6":"product_cat-dizaina-skanas-izolacija","7":"product_cat-fluffo-art-lielformata-sienas-paneli","8":"product_tag-fluffo","10":"first","11":"instock","12":"shipping-taxable","13":"purchasable","14":"product-type-simple"},"acf":[],"_links":{"self":[{"href":"https:\/\/lightup.lv\/et\/wp-json\/wp\/v2\/product\/16741","targetHints":{"allow":["GET"]}}],"collection":[{"href":"https:\/\/lightup.lv\/et\/wp-json\/wp\/v2\/product"}],"about":[{"href":"https:\/\/lightup.lv\/et\/wp-json\/wp\/v2\/types\/product"}],"wp:featuredmedia":[{"embeddable":true,"href":"https:\/\/lightup.lv\/et\/wp-json\/wp\/v2\/media\/16742"}],"wp:attachment":[{"href":"https:\/\/lightup.lv\/et\/wp-json\/wp\/v2\/media?parent=16741"}],"wp:term":[{"taxonomy":"product_brand","embeddable":true,"href":"https:\/\/lightup.lv\/et\/wp-json\/wp\/v2\/product_brand?post=16741"},{"taxonomy":"product_cat","embeddable":true,"href":"https:\/\/lightup.lv\/et\/wp-json\/wp\/v2\/product_cat?post=16741"},{"taxonomy":"product_tag","embeddable":true,"href":"https:\/\/lightup.lv\/et\/wp-json\/wp\/v2\/product_tag?post=16741"}],"curies":[{"name":"wp","href":"https:\/\/api.w.org\/{rel}","templated":true}]}}