{"id":16882,"date":"2022-06-14T08:22:29","date_gmt":"2022-06-14T08:22:29","guid":{"rendered":"https:\/\/lightup.lv\/product\/retro-melns-keramikas-ramis-1-balts-rotejoss-sledzis-melns-vacins\/"},"modified":"2024-02-08T06:45:12","modified_gmt":"2024-02-08T06:45:12","slug":"retro-melns-keramikas-ramis-1-balts-rotejoss-sledzis-melns-vacins","status":"publish","type":"product","link":"https:\/\/lightup.lv\/et\/tootekataloog\/retro-melns-keramikas-ramis-1-balts-rotejoss-sledzis-melns-vacins\/","title":{"rendered":"Retro melns keramikas r\u0101mis, 1 balts rot\u0113jo\u0161s sl\u0113dzis, melns v\u0101ci\u0146\u0161"},"content":{"rendered":"<p>\u0160aj\u0101 kolekcij\u0101 m\u0113s apvienojam baltas un melnas keramikas r\u0101mjus un v\u0101ci\u0146us. Sl\u0113d\u017eu gad\u012bjum\u0101 varat izv\u0113l\u0113ties no trim da\u017e\u0101diem kontroles veidiem.<\/p>\n<p>Kui teil on kindlad kogused, v\u00f5tke meiega julgelt \u00fchendust ja me koostame teile detailse hinnapakkumise, mis s\u00f5ltub valitud kollektsioonist, raamide arvust, mahust ja konfiguratsioonist. Hind s\u00f5ltub valitud materjalist ja v\u00e4rvist.<\/p>","protected":false},"excerpt":{"rendered":"<p>Uus RETRO l\u00fclitite ja pistikupesade sari tutvustab originaalset disaini, mis on inspireeritud 1930. aastate keraamiliste p\u00f6\u00f6rdl\u00fclitite ja Zl\u00edni linna maailma ainulaadse funktsionaalse arhitektuuri kombinatsioonist, kust OBZOR alguse sai. Seet\u00f5ttu leiab RETRO tootesari oma koha mitte ainult vanamoodsas interj\u00f6\u00f6ris, vaid ka moodsates loftides, minimalistlikus ja industriaalses interj\u00f6\u00f6ris.<\/p>","protected":false},"featured_media":16883,"template":"","meta":{"_acf_changed":false},"product_brand":[],"product_cat":[134,133],"product_tag":[135],"class_list":{"0":"post-16882","1":"product","2":"type-product","3":"status-publish","4":"has-post-thumbnail","6":"product_cat-retro","7":"product_cat-sledzi","8":"product_tag-obzor","10":"first","11":"instock","12":"shipping-taxable","13":"purchasable","14":"product-type-simple"},"acf":[],"_links":{"self":[{"href":"https:\/\/lightup.lv\/et\/wp-json\/wp\/v2\/product\/16882","targetHints":{"allow":["GET"]}}],"collection":[{"href":"https:\/\/lightup.lv\/et\/wp-json\/wp\/v2\/product"}],"about":[{"href":"https:\/\/lightup.lv\/et\/wp-json\/wp\/v2\/types\/product"}],"wp:featuredmedia":[{"embeddable":true,"href":"https:\/\/lightup.lv\/et\/wp-json\/wp\/v2\/media\/16883"}],"wp:attachment":[{"href":"https:\/\/lightup.lv\/et\/wp-json\/wp\/v2\/media?parent=16882"}],"wp:term":[{"taxonomy":"product_brand","embeddable":true,"href":"https:\/\/lightup.lv\/et\/wp-json\/wp\/v2\/product_brand?post=16882"},{"taxonomy":"product_cat","embeddable":true,"href":"https:\/\/lightup.lv\/et\/wp-json\/wp\/v2\/product_cat?post=16882"},{"taxonomy":"product_tag","embeddable":true,"href":"https:\/\/lightup.lv\/et\/wp-json\/wp\/v2\/product_tag?post=16882"}],"curies":[{"name":"wp","href":"https:\/\/api.w.org\/{rel}","templated":true}]}}