{"id":16930,"date":"2022-06-14T08:22:34","date_gmt":"2022-06-14T08:22:34","guid":{"rendered":"https:\/\/lightup.lv\/product\/retro-koka-ramis-2-melni-sledzi-balts-vacins\/"},"modified":"2024-02-08T06:42:49","modified_gmt":"2024-02-08T06:42:49","slug":"retro-koka-ramis-2-melni-sledzi-balts-vacins","status":"publish","type":"product","link":"https:\/\/lightup.lv\/et\/tootekataloog\/retro-koka-ramis-2-melni-sledzi-balts-vacins\/","title":{"rendered":"Retro koka r\u0101mis, 2 melni sl\u0113d\u017ei, balts v\u0101ci\u0146\u0161"},"content":{"rendered":"<p>\u0160aj\u0101 kolekcij\u0101 pied\u0101v\u0101jam mas\u012bvkoka r\u0101mjus ar opciju izv\u0113l\u0113ties starp di\u017esk\u0101bar\u017ea, gai\u0161a ozola, tum\u0161i beic\u0113ta ozola un k\u013cavas kombin\u0101cij\u0101m apvienojum\u0101 ar baltu vai melnu v\u0101ku.<\/p>\n<p>Kui teil on kindlad kogused, v\u00f5tke meiega julgelt \u00fchendust ja me koostame teile detailse hinnapakkumise, mis s\u00f5ltub valitud kollektsioonist, raamide arvust, mahust ja konfiguratsioonist. Hind s\u00f5ltub valitud materjalist ja v\u00e4rvist.<\/p>","protected":false},"excerpt":{"rendered":"<p>Uus RETRO l\u00fclitite ja pistikupesade sari tutvustab originaalset disaini, mis on inspireeritud 1930. aastate keraamiliste p\u00f6\u00f6rdl\u00fclitite ja Zl\u00edni linna maailma ainulaadse funktsionaalse arhitektuuri kombinatsioonist, kust OBZOR alguse sai. Seet\u00f5ttu leiab RETRO tootesari oma koha mitte ainult vanamoodsas interj\u00f6\u00f6ris, vaid ka moodsates loftides, minimalistlikus ja industriaalses interj\u00f6\u00f6ris.<\/p>","protected":false},"featured_media":16931,"template":"","meta":{"_acf_changed":false},"product_brand":[],"product_cat":[134,133],"product_tag":[135],"class_list":{"0":"post-16930","1":"product","2":"type-product","3":"status-publish","4":"has-post-thumbnail","6":"product_cat-retro","7":"product_cat-sledzi","8":"product_tag-obzor","10":"first","11":"instock","12":"shipping-taxable","13":"purchasable","14":"product-type-simple"},"acf":[],"_links":{"self":[{"href":"https:\/\/lightup.lv\/et\/wp-json\/wp\/v2\/product\/16930","targetHints":{"allow":["GET"]}}],"collection":[{"href":"https:\/\/lightup.lv\/et\/wp-json\/wp\/v2\/product"}],"about":[{"href":"https:\/\/lightup.lv\/et\/wp-json\/wp\/v2\/types\/product"}],"wp:featuredmedia":[{"embeddable":true,"href":"https:\/\/lightup.lv\/et\/wp-json\/wp\/v2\/media\/16931"}],"wp:attachment":[{"href":"https:\/\/lightup.lv\/et\/wp-json\/wp\/v2\/media?parent=16930"}],"wp:term":[{"taxonomy":"product_brand","embeddable":true,"href":"https:\/\/lightup.lv\/et\/wp-json\/wp\/v2\/product_brand?post=16930"},{"taxonomy":"product_cat","embeddable":true,"href":"https:\/\/lightup.lv\/et\/wp-json\/wp\/v2\/product_cat?post=16930"},{"taxonomy":"product_tag","embeddable":true,"href":"https:\/\/lightup.lv\/et\/wp-json\/wp\/v2\/product_tag?post=16930"}],"curies":[{"name":"wp","href":"https:\/\/api.w.org\/{rel}","templated":true}]}}