{"id":17209,"date":"2022-06-14T19:13:07","date_gmt":"2022-06-14T19:13:07","guid":{"rendered":"https:\/\/lightup.lv\/product\/decente-schuko-balta-rozete-ar-stikla-rami-un-drosibas-slegi\/"},"modified":"2024-02-08T06:09:38","modified_gmt":"2024-02-08T06:09:38","slug":"decente-schuko-balta-rozete-ar-stikla-rami-un-drosibas-slegi","status":"publish","type":"product","link":"https:\/\/lightup.lv\/et\/tootekataloog\/decente-schuko-balta-rozete-ar-stikla-rami-un-drosibas-slegi\/","title":{"rendered":"Decente Schuko balta rozete ar stikla r\u0101mi un dro\u0161\u012bbas sl\u0113\u0123i"},"content":{"rendered":"<p>2P+PE. Pla\u0161as kr\u0101su izv\u0113les iesp\u0113jas r\u0101m\u012b\u0161iem un v\u0101ci\u0146iem.<\/p>\n<p>Kui teil on kindlad kogused, v\u00f5tke meiega julgelt \u00fchendust ja me koostame teile detailse hinnapakkumise, mis s\u00f5ltub valitud kollektsioonist, raamide arvust, mahust ja konfiguratsioonist. Hind s\u00f5ltub valitud materjalist ja v\u00e4rvist.<\/p>","protected":false},"excerpt":{"rendered":"<p>DECENTE sarja iseloomustavad puhtad jooned, ajatu disain koos v\u00e4\u00e4rismetallist looduslike materjalidega. Laiad ja luksusliku v\u00e4limusega klaasist, puidust, metallist, betoonist v\u00f5i pleksiklaasist raamid sobivad ideaalselt erinevate moodsate interj\u00f6\u00f6ridega. Minimaalselt paksud raamid pakuvad elegantset tunnet. Korgid on valmistatud kvaliteetsest UV-kindlast plastist.<\/p>","protected":false},"featured_media":17210,"template":"","meta":{"_acf_changed":false},"product_brand":[],"product_cat":[136,133],"product_tag":[135],"class_list":{"0":"post-17209","1":"product","2":"type-product","3":"status-publish","4":"has-post-thumbnail","6":"product_cat-decente","7":"product_cat-sledzi","8":"product_tag-obzor","10":"first","11":"instock","12":"shipping-taxable","13":"purchasable","14":"product-type-simple"},"acf":[],"_links":{"self":[{"href":"https:\/\/lightup.lv\/et\/wp-json\/wp\/v2\/product\/17209","targetHints":{"allow":["GET"]}}],"collection":[{"href":"https:\/\/lightup.lv\/et\/wp-json\/wp\/v2\/product"}],"about":[{"href":"https:\/\/lightup.lv\/et\/wp-json\/wp\/v2\/types\/product"}],"wp:featuredmedia":[{"embeddable":true,"href":"https:\/\/lightup.lv\/et\/wp-json\/wp\/v2\/media\/17210"}],"wp:attachment":[{"href":"https:\/\/lightup.lv\/et\/wp-json\/wp\/v2\/media?parent=17209"}],"wp:term":[{"taxonomy":"product_brand","embeddable":true,"href":"https:\/\/lightup.lv\/et\/wp-json\/wp\/v2\/product_brand?post=17209"},{"taxonomy":"product_cat","embeddable":true,"href":"https:\/\/lightup.lv\/et\/wp-json\/wp\/v2\/product_cat?post=17209"},{"taxonomy":"product_tag","embeddable":true,"href":"https:\/\/lightup.lv\/et\/wp-json\/wp\/v2\/product_tag?post=17209"}],"curies":[{"name":"wp","href":"https:\/\/api.w.org\/{rel}","templated":true}]}}