{"id":17284,"date":"2022-06-15T16:50:12","date_gmt":"2022-06-15T16:50:12","guid":{"rendered":"https:\/\/lightup.lv\/product\/vectis-melns-aluminija-ramis-ar-2-baltiem-sledziem\/"},"modified":"2024-08-26T15:15:18","modified_gmt":"2024-08-26T13:15:18","slug":"vectis-melns-aluminija-ramis-ar-2-baltiem-sledziem","status":"publish","type":"product","link":"https:\/\/lightup.lv\/et\/tootekataloog\/vectis-melns-aluminija-ramis-ar-2-baltiem-sledziem\/","title":{"rendered":"Vectis must alumiiniumraam kahe valge l\u00fclitiga"},"content":{"rendered":"<p>Kui teil on kindlad kogused, v\u00f5tke meiega julgelt \u00fchendust ja me koostame teile detailse hinnapakkumise, mis s\u00f5ltub valitud kollektsioonist, raamide arvust, mahust ja konfiguratsioonist. Hind s\u00f5ltub valitud materjalist ja v\u00e4rvist.<\/p>","protected":false},"excerpt":{"rendered":"<p>Tutvustame t\u00e4iesti uut VECTISt! Minimalistliku kujuga, valmistatud t\u00e4isalumiiniumist mattvalge v\u00f5i musta v\u00e4rvi valikus.<br \/>\nL\u00fclitid on varem populaarsed olnud ja n\u00fc\u00fcd on nad tagasi \u2013 seekord v\u00e4rskes ja moodsas v\u00f5tmes! Paigaldamine pole kunagi varem olnud lihtsam t\u00e4nu magnetraamidele ja puslekujulistele metallraamidele, mis muudavad mitme raami kokkupaneku lihtsaks.<\/p>","protected":false},"featured_media":17285,"template":"","meta":{"_acf_changed":false},"product_brand":[],"product_cat":[133,137],"product_tag":[135],"class_list":{"0":"post-17284","1":"product","2":"type-product","3":"status-publish","4":"has-post-thumbnail","6":"product_cat-sledzi","7":"product_cat-vectis","8":"product_tag-obzor","10":"first","11":"instock","12":"shipping-taxable","13":"purchasable","14":"product-type-simple"},"acf":[],"_links":{"self":[{"href":"https:\/\/lightup.lv\/et\/wp-json\/wp\/v2\/product\/17284","targetHints":{"allow":["GET"]}}],"collection":[{"href":"https:\/\/lightup.lv\/et\/wp-json\/wp\/v2\/product"}],"about":[{"href":"https:\/\/lightup.lv\/et\/wp-json\/wp\/v2\/types\/product"}],"wp:featuredmedia":[{"embeddable":true,"href":"https:\/\/lightup.lv\/et\/wp-json\/wp\/v2\/media\/17285"}],"wp:attachment":[{"href":"https:\/\/lightup.lv\/et\/wp-json\/wp\/v2\/media?parent=17284"}],"wp:term":[{"taxonomy":"product_brand","embeddable":true,"href":"https:\/\/lightup.lv\/et\/wp-json\/wp\/v2\/product_brand?post=17284"},{"taxonomy":"product_cat","embeddable":true,"href":"https:\/\/lightup.lv\/et\/wp-json\/wp\/v2\/product_cat?post=17284"},{"taxonomy":"product_tag","embeddable":true,"href":"https:\/\/lightup.lv\/et\/wp-json\/wp\/v2\/product_tag?post=17284"}],"curies":[{"name":"wp","href":"https:\/\/api.w.org\/{rel}","templated":true}]}}