{"id":17338,"date":"2022-06-15T19:53:33","date_gmt":"2022-06-15T19:53:33","guid":{"rendered":"https:\/\/lightup.lv\/product\/elegant-peleks-plastmasas-sledzis-ar-1-taustinu\/"},"modified":"2024-02-08T05:53:04","modified_gmt":"2024-02-08T05:53:04","slug":"elegantne-hall-plastluliti-uhe-nupuga","status":"publish","type":"product","link":"https:\/\/lightup.lv\/et\/tootekataloog\/elegantne-hall-plastluliti-uhe-nupuga\/","title":{"rendered":"Elegantne hall plastl\u00fcliti \u00fche nupuga"},"content":{"rendered":"<p>Paigutus 1, 2, 6, 7, 1\/0, 1\/0N. Saadaval on lai valik korgi ja raami v\u00e4rvikombinatsioone.<\/p>\n<p>Kui teil on kindlad kogused, v\u00f5tke meiega julgelt \u00fchendust ja me koostame teile detailse hinnapakkumise, mis s\u00f5ltub valitud kollektsioonist, v\u00e4rvist ja raamikonfiguratsioonidest. Hind s\u00f5ltub valitud materjalist ja v\u00e4rvist.<\/p>","protected":false},"excerpt":{"rendered":"<p>Klassikaline, tagasihoidlikult elegantne disain \u00fcmarate joonte ja k\u00fcmnete v\u00e4rvivalikutega. Nii raam kui ka kaas on valmistatud kvaliteetsest plastikust. Pehmed pastelltoonid t\u00e4iustavad teie interj\u00f6\u00f6ri atmosf\u00e4\u00e4ri, samas kui erksad toonid juhivad t\u00e4helepanu detailidele \u2013 l\u00fclitile endale. Pakume ka oma enimm\u00fc\u00fcdud metallikv\u00e4rve: alumiinium, grafiit, kuld ja titaan.<\/p>","protected":false},"featured_media":17339,"template":"","meta":{"_acf_changed":false},"product_brand":[],"product_cat":[138,133],"product_tag":[135],"class_list":{"0":"post-17338","1":"product","2":"type-product","3":"status-publish","4":"has-post-thumbnail","6":"product_cat-elegant","7":"product_cat-sledzi","8":"product_tag-obzor","10":"first","11":"instock","12":"shipping-taxable","13":"purchasable","14":"product-type-simple"},"acf":[],"_links":{"self":[{"href":"https:\/\/lightup.lv\/et\/wp-json\/wp\/v2\/product\/17338","targetHints":{"allow":["GET"]}}],"collection":[{"href":"https:\/\/lightup.lv\/et\/wp-json\/wp\/v2\/product"}],"about":[{"href":"https:\/\/lightup.lv\/et\/wp-json\/wp\/v2\/types\/product"}],"wp:featuredmedia":[{"embeddable":true,"href":"https:\/\/lightup.lv\/et\/wp-json\/wp\/v2\/media\/17339"}],"wp:attachment":[{"href":"https:\/\/lightup.lv\/et\/wp-json\/wp\/v2\/media?parent=17338"}],"wp:term":[{"taxonomy":"product_brand","embeddable":true,"href":"https:\/\/lightup.lv\/et\/wp-json\/wp\/v2\/product_brand?post=17338"},{"taxonomy":"product_cat","embeddable":true,"href":"https:\/\/lightup.lv\/et\/wp-json\/wp\/v2\/product_cat?post=17338"},{"taxonomy":"product_tag","embeddable":true,"href":"https:\/\/lightup.lv\/et\/wp-json\/wp\/v2\/product_tag?post=17338"}],"curies":[{"name":"wp","href":"https:\/\/api.w.org\/{rel}","templated":true}]}}