{"id":17364,"date":"2022-06-15T19:53:35","date_gmt":"2022-06-15T19:53:35","guid":{"rendered":"https:\/\/lightup.lv\/product\/elegant-peleks-plastmasas-sledzis-ar-1-taustinu-un-merka-simbolu\/"},"modified":"2024-02-08T05:52:28","modified_gmt":"2024-02-08T05:52:28","slug":"elegant-peleks-plastmasas-sledzis-ar-1-taustinu-un-merka-simbolu","status":"publish","type":"product","link":"https:\/\/lightup.lv\/et\/precu-katalogs\/elegant-peleks-plastmasas-sledzis-ar-1-taustinu-un-merka-simbolu\/","title":{"rendered":"Elegantne hall plastl\u00fcliti \u00fche nupu ja sihtm\u00e4rgi s\u00fcmboliga"},"content":{"rendered":"<p>Izk\u0101rtojums 1, 1\/0. Pieejamas pla\u0161as v\u0101ci\u0146u un r\u0101m\u012b\u0161u kr\u0101su kombin\u0101cijas.<\/p>\n<p>Kui teil on kindlad kogused, v\u00f5tke meiega julgelt \u00fchendust ja me koostame teile detailse hinnapakkumise, mis s\u00f5ltub valitud kollektsioonist, v\u00e4rvist ja raamikonfiguratsioonidest. Hind s\u00f5ltub valitud materjalist ja v\u00e4rvist.<\/p>","protected":false},"excerpt":{"rendered":"<p>Klassikaline, tagasihoidlikult elegantne disain \u00fcmarate joonte ja k\u00fcmnete v\u00e4rvivalikutega. Nii raam kui ka kaas on valmistatud kvaliteetsest plastikust. Pehmed pastelltoonid t\u00e4iustavad teie interj\u00f6\u00f6ri atmosf\u00e4\u00e4ri, samas kui erksad toonid juhivad t\u00e4helepanu detailidele \u2013 l\u00fclitile endale. Pakume ka oma enimm\u00fc\u00fcdud metallikv\u00e4rve: alumiinium, grafiit, kuld ja titaan.<\/p>","protected":false},"featured_media":17365,"template":"","meta":{"_acf_changed":false},"product_brand":[],"product_cat":[138,133],"product_tag":[135],"class_list":{"0":"post-17364","1":"product","2":"type-product","3":"status-publish","4":"has-post-thumbnail","6":"product_cat-elegant","7":"product_cat-sledzi","8":"product_tag-obzor","10":"first","11":"instock","12":"shipping-taxable","13":"purchasable","14":"product-type-simple"},"acf":[],"_links":{"self":[{"href":"https:\/\/lightup.lv\/et\/wp-json\/wp\/v2\/product\/17364","targetHints":{"allow":["GET"]}}],"collection":[{"href":"https:\/\/lightup.lv\/et\/wp-json\/wp\/v2\/product"}],"about":[{"href":"https:\/\/lightup.lv\/et\/wp-json\/wp\/v2\/types\/product"}],"wp:featuredmedia":[{"embeddable":true,"href":"https:\/\/lightup.lv\/et\/wp-json\/wp\/v2\/media\/17365"}],"wp:attachment":[{"href":"https:\/\/lightup.lv\/et\/wp-json\/wp\/v2\/media?parent=17364"}],"wp:term":[{"taxonomy":"product_brand","embeddable":true,"href":"https:\/\/lightup.lv\/et\/wp-json\/wp\/v2\/product_brand?post=17364"},{"taxonomy":"product_cat","embeddable":true,"href":"https:\/\/lightup.lv\/et\/wp-json\/wp\/v2\/product_cat?post=17364"},{"taxonomy":"product_tag","embeddable":true,"href":"https:\/\/lightup.lv\/et\/wp-json\/wp\/v2\/product_tag?post=17364"}],"curies":[{"name":"t\u00f6\u00f6leht","href":"https:\/\/api.w.org\/{rel}","templated":true}]}}