{"id":17550,"date":"2022-06-18T15:43:25","date_gmt":"2022-06-18T15:43:25","guid":{"rendered":"https:\/\/lightup.lv\/product\/choco-piekarama-lampa-zeltaini-bruna-o780-60w-4830-lm\/"},"modified":"2024-01-15T16:06:42","modified_gmt":"2024-01-15T16:06:42","slug":"choco-piekarama-lampa-zeltaini-bruna-o780-60w-4830-lm","status":"publish","type":"product","link":"https:\/\/lightup.lv\/et\/tootekataloog\/choco-piekarama-lampa-zeltaini-bruna-o780-60w-4830-lm\/","title":{"rendered":"Choco piekaram\u0101 lampa zeltaini br\u016bna \u00d8:780, 60W, 4830 lm"},"content":{"rendered":"<p>LED, 60W, 4830 lm<br \/>\nIP-kood: IP20<br \/>\nIzm\u0113ri: \u00d8:780, A:1500<br \/>\nPinge: 220\u2013240 V vahelduvvool<br \/>\nKr\u0101sa: Zeltaini br\u016bna<\/p>\n<p>ID 4244600<\/p>","protected":false},"excerpt":{"rendered":"<p>Viokef pakub laia valikut valgusteid \u2013 nii modernseid kui ka klassikalisi \u2013, mis sobivad ideaalselt sisekujundusega. LightUp on Viokefi kaubam\u00e4rgi otseturustaja, mist\u00f5ttu saame pakkuda nii atraktiivseid hindu. P\u00f6\u00f6rame erilist t\u00e4helepanu kvaliteedile. Hoolitseme toodete eest ja kontrollime neid alates hetkest, kui need tehasest tellitakse, kuni lattu transportimiseni. Seej\u00e4rel pakime need hoolikalt ja saadame kliendile.<\/p>","protected":false},"featured_media":17551,"template":"","meta":{"_acf_changed":false},"product_brand":[],"product_cat":[42,43],"product_tag":[105],"class_list":{"0":"post-17550","1":"product","2":"type-product","3":"status-publish","4":"has-post-thumbnail","6":"product_cat-apgaismojums","7":"product_cat-piekaramas-lampas","8":"product_tag-viokef","10":"first","11":"instock","12":"shipping-taxable","13":"purchasable","14":"product-type-simple"},"acf":[],"_links":{"self":[{"href":"https:\/\/lightup.lv\/et\/wp-json\/wp\/v2\/product\/17550","targetHints":{"allow":["GET"]}}],"collection":[{"href":"https:\/\/lightup.lv\/et\/wp-json\/wp\/v2\/product"}],"about":[{"href":"https:\/\/lightup.lv\/et\/wp-json\/wp\/v2\/types\/product"}],"wp:featuredmedia":[{"embeddable":true,"href":"https:\/\/lightup.lv\/et\/wp-json\/wp\/v2\/media\/17551"}],"wp:attachment":[{"href":"https:\/\/lightup.lv\/et\/wp-json\/wp\/v2\/media?parent=17550"}],"wp:term":[{"taxonomy":"product_brand","embeddable":true,"href":"https:\/\/lightup.lv\/et\/wp-json\/wp\/v2\/product_brand?post=17550"},{"taxonomy":"product_cat","embeddable":true,"href":"https:\/\/lightup.lv\/et\/wp-json\/wp\/v2\/product_cat?post=17550"},{"taxonomy":"product_tag","embeddable":true,"href":"https:\/\/lightup.lv\/et\/wp-json\/wp\/v2\/product_tag?post=17550"}],"curies":[{"name":"wp","href":"https:\/\/api.w.org\/{rel}","templated":true}]}}