{"id":1850,"date":"2020-02-20T11:36:27","date_gmt":"2020-02-20T11:36:27","guid":{"rendered":"https:\/\/lightup.lv\/product\/trend-zelta-griestu-lampa\/"},"modified":"2024-02-04T06:18:40","modified_gmt":"2024-02-04T06:18:40","slug":"trend-zelta-griestu-lampa","status":"publish","type":"product","link":"https:\/\/lightup.lv\/et\/tootekataloog\/trend-zelta-griestu-lampa\/","title":{"rendered":"Trend zelta griestu lampa"},"content":{"rendered":"<p>15 x 40W E14 230V<\/p>\n<p>\u00d8: 60 cm, H: 22 cm<\/p>\n<p>V\u00e4rv: Kuldne<\/p>\n<p>Materi\u0101ls: Stikls, met\u0101ls<\/p>\n<p>Pirnid ei kuulu komplekti.<\/p>\n<p>ID C0164<\/p>","protected":false},"excerpt":{"rendered":"<p>Trend gaismeklis ir lielisks risin\u0101jums interjeriem, kuriem nepiecie\u0161ams zelta sp\u012bdums, krist\u0101la mirgo\u0161ana, labs dizains un daudz siltas gaismas. Krist\u0101la l\u0101stekas vertik\u0101li kar\u0101jas kompaktajos, koncentriski izk\u0101rtotajos ap\u013cos. \u0160\u0101da atv\u0113rta konstrukcija padara lampu l\u012bdz\u012bgu lielai lustrai, neskatoties uz zemo augstumu. Tas lieliski der\u0113s komerctelp\u0101m, kur\u0101s nepiecie\u0161ama elegance, kas nep\u0101rsp\u012bl\u0113.<\/p>","protected":false},"featured_media":1851,"template":"","meta":{"_acf_changed":false},"product_brand":[],"product_cat":[42,43],"product_tag":[44],"class_list":{"0":"post-1850","1":"product","2":"type-product","3":"status-publish","4":"has-post-thumbnail","6":"product_cat-apgaismojums","7":"product_cat-piekaramas-lampas","8":"product_tag-maxlight","10":"first","11":"instock","12":"shipping-taxable","13":"purchasable","14":"product-type-simple"},"acf":[],"_links":{"self":[{"href":"https:\/\/lightup.lv\/et\/wp-json\/wp\/v2\/product\/1850","targetHints":{"allow":["GET"]}}],"collection":[{"href":"https:\/\/lightup.lv\/et\/wp-json\/wp\/v2\/product"}],"about":[{"href":"https:\/\/lightup.lv\/et\/wp-json\/wp\/v2\/types\/product"}],"wp:featuredmedia":[{"embeddable":true,"href":"https:\/\/lightup.lv\/et\/wp-json\/wp\/v2\/media\/1851"}],"wp:attachment":[{"href":"https:\/\/lightup.lv\/et\/wp-json\/wp\/v2\/media?parent=1850"}],"wp:term":[{"taxonomy":"product_brand","embeddable":true,"href":"https:\/\/lightup.lv\/et\/wp-json\/wp\/v2\/product_brand?post=1850"},{"taxonomy":"product_cat","embeddable":true,"href":"https:\/\/lightup.lv\/et\/wp-json\/wp\/v2\/product_cat?post=1850"},{"taxonomy":"product_tag","embeddable":true,"href":"https:\/\/lightup.lv\/et\/wp-json\/wp\/v2\/product_tag?post=1850"}],"curies":[{"name":"wp","href":"https:\/\/api.w.org\/{rel}","templated":true}]}}