{"id":1855,"date":"2020-02-20T13:25:11","date_gmt":"2020-02-20T13:25:11","guid":{"rendered":"https:\/\/lightup.lv\/product\/trend-zelta-griestu-lampa-2\/"},"modified":"2024-02-04T06:17:56","modified_gmt":"2024-02-04T06:17:56","slug":"trendikas-kuldne-laelamp-2","status":"publish","type":"product","link":"https:\/\/lightup.lv\/et\/precu-katalogs\/trend-zelta-griestu-lampa-2\/","title":{"rendered":"Trendikas kuldne laelamp"},"content":{"rendered":"<p>8 x 40 W E14 230 V<\/p>\n<p>L\u00e4bim\u00f5\u00f5t: 45 cm, k\u00f5rgus: 22 cm<\/p>\n<p>V\u00e4rv: Kuldne<\/p>\n<p>Materjal: klaas, metall<\/p>\n<p>Pirnid ei kuulu komplekti.<\/p>\n<p>ID C0165<\/p>","protected":false},"excerpt":{"rendered":"<p>Trend valgusti on suurep\u00e4rane lahendus interj\u00f6\u00f6ridesse, mis vajavad kuldset l\u00e4iget, kristallselget l\u00e4iget, head disaini ja palju sooja valgust. Kristallj\u00e4\u00e4purikad ripuvad vertikaalselt kompaktsetes, kontsentriliselt paigutatud ringides. Selline avatud disain muudab lambi madalast k\u00f5rgusest hoolimata suure l\u00fchtri sarnaseks. See sobib ideaalselt \u00e4ripindadesse, mis n\u00f5uavad elegantsi ilma liialduseta.<\/p>","protected":false},"featured_media":1856,"template":"","meta":{"_acf_changed":false},"product_brand":[],"product_cat":[42,43],"product_tag":[44],"class_list":{"0":"post-1855","1":"product","2":"type-product","3":"status-publish","4":"has-post-thumbnail","6":"product_cat-apgaismojums","7":"product_cat-piekaramas-lampas","8":"product_tag-maxlight","10":"first","11":"instock","12":"shipping-taxable","13":"purchasable","14":"product-type-simple"},"acf":[],"_links":{"self":[{"href":"https:\/\/lightup.lv\/et\/wp-json\/wp\/v2\/product\/1855","targetHints":{"allow":["GET"]}}],"collection":[{"href":"https:\/\/lightup.lv\/et\/wp-json\/wp\/v2\/product"}],"about":[{"href":"https:\/\/lightup.lv\/et\/wp-json\/wp\/v2\/types\/product"}],"wp:featuredmedia":[{"embeddable":true,"href":"https:\/\/lightup.lv\/et\/wp-json\/wp\/v2\/media\/1856"}],"wp:attachment":[{"href":"https:\/\/lightup.lv\/et\/wp-json\/wp\/v2\/media?parent=1855"}],"wp:term":[{"taxonomy":"product_brand","embeddable":true,"href":"https:\/\/lightup.lv\/et\/wp-json\/wp\/v2\/product_brand?post=1855"},{"taxonomy":"product_cat","embeddable":true,"href":"https:\/\/lightup.lv\/et\/wp-json\/wp\/v2\/product_cat?post=1855"},{"taxonomy":"product_tag","embeddable":true,"href":"https:\/\/lightup.lv\/et\/wp-json\/wp\/v2\/product_tag?post=1855"}],"curies":[{"name":"t\u00f6\u00f6leht","href":"https:\/\/api.w.org\/{rel}","templated":true}]}}