{"id":1908,"date":"2020-03-09T18:46:40","date_gmt":"2020-03-09T18:46:40","guid":{"rendered":"https:\/\/lightup.lv\/product\/luxury-iekarinama-lampa\/"},"modified":"2024-02-04T06:14:31","modified_gmt":"2024-02-04T06:14:31","slug":"luxury-iekarinama-lampa","status":"publish","type":"product","link":"https:\/\/lightup.lv\/et\/tootekataloog\/luxury-iekarinama-lampa\/","title":{"rendered":"LUXURY iekarin\u0101ma lampa"},"content":{"rendered":"<p>1 x 43W LED 230V, 4300 LM<\/p>\n<p>\u00d8: 70 cm<\/p>\n<p>H: max 250 cm<\/p>\n<p>Kr\u0101sa: Zelts<\/p>\n<p>Materi\u0101ls:\u00a0 Met\u0101ls<\/p>\n<p>Pirnid ei kuulu komplekti.<\/p>\n<p>ID P0369<\/p>","protected":false},"excerpt":{"rendered":"<p>Da\u017eiem interjeriem ir nepiecie\u0161ams labs apgaismojums, minim\u0101listiska forma un vienlaikus skaists, acij t\u012bkams akcents. Iespaid\u012bg\u0101 LUXURY lampi\u0146a ir ide\u0101ls papildin\u0101jums jusu telp\u0101m.\u00a0 \u0122eometrisk\u0101 forma \u013cauj piel\u0101got piederumus ne tikai kr\u0101\u0161\u0146umam, bag\u0101t\u012bgam vai elegantajam dekoram, bet ar\u012b minim\u0101lisma un modernam interjeram, kas pie\u0161\u0137irs kr\u0101\u0161\u0146umu. Lieliski izrot\u0101jiet pla\u0161u viesistabu, z\u0101li, k\u0101 ar\u012b viesn\u012bcu un restor\u0101nu telpas.<\/p>","protected":false},"featured_media":1909,"template":"","meta":{"_acf_changed":false},"product_brand":[],"product_cat":[42,43],"product_tag":[44],"class_list":{"0":"post-1908","1":"product","2":"type-product","3":"status-publish","4":"has-post-thumbnail","6":"product_cat-apgaismojums","7":"product_cat-piekaramas-lampas","8":"product_tag-maxlight","10":"first","11":"instock","12":"shipping-taxable","13":"purchasable","14":"product-type-simple"},"acf":[],"_links":{"self":[{"href":"https:\/\/lightup.lv\/et\/wp-json\/wp\/v2\/product\/1908","targetHints":{"allow":["GET"]}}],"collection":[{"href":"https:\/\/lightup.lv\/et\/wp-json\/wp\/v2\/product"}],"about":[{"href":"https:\/\/lightup.lv\/et\/wp-json\/wp\/v2\/types\/product"}],"wp:featuredmedia":[{"embeddable":true,"href":"https:\/\/lightup.lv\/et\/wp-json\/wp\/v2\/media\/1909"}],"wp:attachment":[{"href":"https:\/\/lightup.lv\/et\/wp-json\/wp\/v2\/media?parent=1908"}],"wp:term":[{"taxonomy":"product_brand","embeddable":true,"href":"https:\/\/lightup.lv\/et\/wp-json\/wp\/v2\/product_brand?post=1908"},{"taxonomy":"product_cat","embeddable":true,"href":"https:\/\/lightup.lv\/et\/wp-json\/wp\/v2\/product_cat?post=1908"},{"taxonomy":"product_tag","embeddable":true,"href":"https:\/\/lightup.lv\/et\/wp-json\/wp\/v2\/product_tag?post=1908"}],"curies":[{"name":"wp","href":"https:\/\/api.w.org\/{rel}","templated":true}]}}