{"id":1940,"date":"2020-03-15T10:18:36","date_gmt":"2020-03-15T10:18:36","guid":{"rendered":"https:\/\/lightup.lv\/product\/turin-salokams-pusdienu-kresls\/"},"modified":"2024-01-29T12:47:41","modified_gmt":"2024-01-29T12:47:41","slug":"turin-salokams-pusdienu-kresls","status":"publish","type":"product","link":"https:\/\/lightup.lv\/et\/tootekataloog\/turin-salokams-pusdienu-kresls\/","title":{"rendered":"Turin salok\u0101ms pusdienu kr\u0113sls"},"content":{"rendered":"<p>Kr\u0101sa : Gai\u0161i br\u016bna<br \/>\nS\u0113des augstums : 46cm<br \/>\nKr\u0113sla platums : 61cm<br \/>\nKr\u0113sla garums : 46 cm<br \/>\nKr\u0113sla augstums : 87 cm<br \/>\nGai\u0161i br\u016bns, viegli novietojams, salok\u0101ms koka kr\u0113sls<\/p>\n<p>ID 2001<\/p>","protected":false},"excerpt":{"rendered":"<p>Brafab on Rootsi ettev\u00f5te, mis pakub terrassim\u00f6\u00f6blit. Tootja pakub erinevates stiilides kollektsioone, mis sobivad igale terrassile.<br \/>\nTerrassim\u00f6\u00f6bel vastab Rootsi kvaliteedi- ja standarditele, mist\u00f5ttu on see kvaliteetne ja sobib \u00f5ues kasutamiseks.<\/p>","protected":false},"featured_media":1941,"template":"","meta":{"_acf_changed":false},"product_brand":[],"product_cat":[51,50],"product_tag":[52],"class_list":{"0":"post-1940","1":"product","2":"type-product","3":"status-publish","4":"has-post-thumbnail","6":"product_cat-kresli-terases-mebeles","7":"product_cat-terases-mebeles","8":"product_tag-brafab","10":"first","11":"instock","12":"shipping-taxable","13":"purchasable","14":"product-type-simple"},"acf":[],"_links":{"self":[{"href":"https:\/\/lightup.lv\/et\/wp-json\/wp\/v2\/product\/1940","targetHints":{"allow":["GET"]}}],"collection":[{"href":"https:\/\/lightup.lv\/et\/wp-json\/wp\/v2\/product"}],"about":[{"href":"https:\/\/lightup.lv\/et\/wp-json\/wp\/v2\/types\/product"}],"wp:featuredmedia":[{"embeddable":true,"href":"https:\/\/lightup.lv\/et\/wp-json\/wp\/v2\/media\/1941"}],"wp:attachment":[{"href":"https:\/\/lightup.lv\/et\/wp-json\/wp\/v2\/media?parent=1940"}],"wp:term":[{"taxonomy":"product_brand","embeddable":true,"href":"https:\/\/lightup.lv\/et\/wp-json\/wp\/v2\/product_brand?post=1940"},{"taxonomy":"product_cat","embeddable":true,"href":"https:\/\/lightup.lv\/et\/wp-json\/wp\/v2\/product_cat?post=1940"},{"taxonomy":"product_tag","embeddable":true,"href":"https:\/\/lightup.lv\/et\/wp-json\/wp\/v2\/product_tag?post=1940"}],"curies":[{"name":"wp","href":"https:\/\/api.w.org\/{rel}","templated":true}]}}