{"id":1962,"date":"2020-03-15T11:12:08","date_gmt":"2020-03-15T11:12:08","guid":{"rendered":"https:\/\/lightup.lv\/product\/midway-smilskrasas-kresls-ar-roku-balstiem\/"},"modified":"2024-01-29T12:46:45","modified_gmt":"2024-01-29T12:46:45","slug":"midway-smilskrasas-kresls-ar-roku-balstiem","status":"publish","type":"product","link":"https:\/\/lightup.lv\/et\/tootekataloog\/midway-smilskrasas-kresls-ar-roku-balstiem\/","title":{"rendered":"Midway smil\u0161kr\u0101sas kr\u0113sls ar roku balstiem"},"content":{"rendered":"<p>Kr\u0101sa : Smil\u0161kr\u0101sa<br \/>\nS\u0113des augstums : 48 cm<br \/>\nKr\u0113sla platums : 67 cm<br \/>\nKr\u0113sla garums : 62 cm<br \/>\nKr\u0113sla augstums : 92 cm<\/p>\n<p>Kr\u0113sls no sav\u012bt\u0101s, sint\u0113tisk\u0101s rotangpalmas ar maigu modernu kont\u016bru un olef\u012bna auduma spilveniem. Met\u0101la r\u0101mi. Kr\u0113slu var kombin\u0113t ar k\u0101ju balstiem, lai nodro\u0161in\u0101tu maksim\u0101lu komfortu. Pieejams ar\u012b k\u0101 pusdienu kr\u0113sls, lai tas atbilstu t\u012bkkoka galdiem.<\/p>\n<p>ID 4032-8-21-02<\/p>","protected":false},"excerpt":{"rendered":"<p>Brafab on Rootsi ettev\u00f5te, mis pakub terrassim\u00f6\u00f6blit. Tootja pakub erinevates stiilides kollektsioone, mis sobivad igale terrassile.<br \/>\nTerrassim\u00f6\u00f6bel vastab Rootsi kvaliteedi- ja standarditele, mist\u00f5ttu on see kvaliteetne ja sobib \u00f5ues kasutamiseks.<\/p>","protected":false},"featured_media":1963,"template":"","meta":{"_acf_changed":false},"product_brand":[],"product_cat":[51,50],"product_tag":[52],"class_list":{"0":"post-1962","1":"product","2":"type-product","3":"status-publish","4":"has-post-thumbnail","6":"product_cat-kresli-terases-mebeles","7":"product_cat-terases-mebeles","8":"product_tag-brafab","10":"first","11":"instock","12":"shipping-taxable","13":"purchasable","14":"product-type-simple"},"acf":[],"_links":{"self":[{"href":"https:\/\/lightup.lv\/et\/wp-json\/wp\/v2\/product\/1962","targetHints":{"allow":["GET"]}}],"collection":[{"href":"https:\/\/lightup.lv\/et\/wp-json\/wp\/v2\/product"}],"about":[{"href":"https:\/\/lightup.lv\/et\/wp-json\/wp\/v2\/types\/product"}],"wp:featuredmedia":[{"embeddable":true,"href":"https:\/\/lightup.lv\/et\/wp-json\/wp\/v2\/media\/1963"}],"wp:attachment":[{"href":"https:\/\/lightup.lv\/et\/wp-json\/wp\/v2\/media?parent=1962"}],"wp:term":[{"taxonomy":"product_brand","embeddable":true,"href":"https:\/\/lightup.lv\/et\/wp-json\/wp\/v2\/product_brand?post=1962"},{"taxonomy":"product_cat","embeddable":true,"href":"https:\/\/lightup.lv\/et\/wp-json\/wp\/v2\/product_cat?post=1962"},{"taxonomy":"product_tag","embeddable":true,"href":"https:\/\/lightup.lv\/et\/wp-json\/wp\/v2\/product_tag?post=1962"}],"curies":[{"name":"wp","href":"https:\/\/api.w.org\/{rel}","templated":true}]}}