{"id":1978,"date":"2020-03-16T13:28:20","date_gmt":"2020-03-16T13:28:20","guid":{"rendered":"https:\/\/lightup.lv\/product\/kodak-d10-2-plafons\/"},"modified":"2025-07-24T14:20:42","modified_gmt":"2025-07-24T12:20:42","slug":"kodak-d10-2-plafons","status":"publish","type":"product","link":"https:\/\/lightup.lv\/et\/tootekataloog\/kodak-d10-2-plafons\/","title":{"rendered":"Griestu lampa KODAK IP44"},"content":{"rendered":"<p>1 x 8W LED 230V 704lm 3000K IP44<br \/>\nDiametrs: 10,2 cm<br \/>\nAugstums: 4,8 cm<br \/>\nKr\u0101sa: Balta<\/p>\n<p>ID C0135<\/p>","protected":false},"excerpt":{"rendered":"<p>Maxlight on ettev\u00f5te, millel on \u00fcle k\u00fcmne aasta kogemust valgustite pakkumisel, mis \u00fcllatavad ja inspireerivad julgete disainide ja l\u00f5putute paigutusv\u00f5imalustega. Pakume erinevates stiilides valgusteid, mis sobivad igasse disaini.<\/p>","protected":false},"featured_media":1979,"template":"","meta":{"_acf_changed":false},"product_brand":[],"product_cat":[42,222],"product_tag":[44],"class_list":{"0":"post-1978","1":"product","2":"type-product","3":"status-publish","4":"has-post-thumbnail","6":"product_cat-apgaismojums","7":"product_cat-spot-gaismekli","8":"product_tag-maxlight","10":"first","11":"instock","12":"shipping-taxable","13":"purchasable","14":"product-type-simple"},"acf":[],"_links":{"self":[{"href":"https:\/\/lightup.lv\/et\/wp-json\/wp\/v2\/product\/1978","targetHints":{"allow":["GET"]}}],"collection":[{"href":"https:\/\/lightup.lv\/et\/wp-json\/wp\/v2\/product"}],"about":[{"href":"https:\/\/lightup.lv\/et\/wp-json\/wp\/v2\/types\/product"}],"wp:featuredmedia":[{"embeddable":true,"href":"https:\/\/lightup.lv\/et\/wp-json\/wp\/v2\/media\/1979"}],"wp:attachment":[{"href":"https:\/\/lightup.lv\/et\/wp-json\/wp\/v2\/media?parent=1978"}],"wp:term":[{"taxonomy":"product_brand","embeddable":true,"href":"https:\/\/lightup.lv\/et\/wp-json\/wp\/v2\/product_brand?post=1978"},{"taxonomy":"product_cat","embeddable":true,"href":"https:\/\/lightup.lv\/et\/wp-json\/wp\/v2\/product_cat?post=1978"},{"taxonomy":"product_tag","embeddable":true,"href":"https:\/\/lightup.lv\/et\/wp-json\/wp\/v2\/product_tag?post=1978"}],"curies":[{"name":"wp","href":"https:\/\/api.w.org\/{rel}","templated":true}]}}