{"id":2127,"date":"2020-03-21T14:21:12","date_gmt":"2020-03-21T14:21:12","guid":{"rendered":"https:\/\/lightup.lv\/product\/delia-aluminija-kresls-ar-roku-balstiem-3\/"},"modified":"2024-01-29T12:32:34","modified_gmt":"2024-01-29T12:32:34","slug":"delia-aluminija-kresls-ar-roku-balstiem-3","status":"publish","type":"product","link":"https:\/\/lightup.lv\/et\/tootekataloog\/delia-aluminija-kresls-ar-roku-balstiem-3\/","title":{"rendered":"Delia alum\u012bnija kr\u0113sls ar roku balstiem"},"content":{"rendered":"<p>Kr\u0101sa : B\u0113\u0161s<br \/>\nS\u0113des augstums : 43cm<br \/>\nKr\u0113sla platums : 55cm<br \/>\nKr\u0113sla garums : 55 cm<br \/>\nKr\u0113sla augstums : 80 cm<\/p>\n<p>Praktisks, saliekams kr\u0113sls no alum\u012bnija mat\u0113t\u0101, b\u0113\u0161\u0101 kr\u0101s\u0101<\/p>\n<p>ID 2651-21<\/p>","protected":false},"excerpt":{"rendered":"<p>Brafab on Rootsi ettev\u00f5te, mis pakub terrassim\u00f6\u00f6blit. Tootja pakub erinevates stiilides kollektsioone, mis sobivad igale terrassile.<br \/>\nTerrassim\u00f6\u00f6bel vastab Rootsi kvaliteedi- ja standarditele, mist\u00f5ttu on see kvaliteetne ja sobib \u00f5ues kasutamiseks.<\/p>","protected":false},"featured_media":2128,"template":"","meta":{"_acf_changed":false},"product_brand":[],"product_cat":[51,50],"product_tag":[52],"class_list":{"0":"post-2127","1":"product","2":"type-product","3":"status-publish","4":"has-post-thumbnail","6":"product_cat-kresli-terases-mebeles","7":"product_cat-terases-mebeles","8":"product_tag-brafab","10":"first","11":"instock","12":"shipping-taxable","13":"purchasable","14":"product-type-simple"},"acf":[],"_links":{"self":[{"href":"https:\/\/lightup.lv\/et\/wp-json\/wp\/v2\/product\/2127","targetHints":{"allow":["GET"]}}],"collection":[{"href":"https:\/\/lightup.lv\/et\/wp-json\/wp\/v2\/product"}],"about":[{"href":"https:\/\/lightup.lv\/et\/wp-json\/wp\/v2\/types\/product"}],"wp:featuredmedia":[{"embeddable":true,"href":"https:\/\/lightup.lv\/et\/wp-json\/wp\/v2\/media\/2128"}],"wp:attachment":[{"href":"https:\/\/lightup.lv\/et\/wp-json\/wp\/v2\/media?parent=2127"}],"wp:term":[{"taxonomy":"product_brand","embeddable":true,"href":"https:\/\/lightup.lv\/et\/wp-json\/wp\/v2\/product_brand?post=2127"},{"taxonomy":"product_cat","embeddable":true,"href":"https:\/\/lightup.lv\/et\/wp-json\/wp\/v2\/product_cat?post=2127"},{"taxonomy":"product_tag","embeddable":true,"href":"https:\/\/lightup.lv\/et\/wp-json\/wp\/v2\/product_tag?post=2127"}],"curies":[{"name":"wp","href":"https:\/\/api.w.org\/{rel}","templated":true}]}}