{"id":2159,"date":"2020-03-21T15:11:33","date_gmt":"2020-03-21T15:11:33","guid":{"rendered":"https:\/\/lightup.lv\/product\/ninja-regulejams-kresls\/"},"modified":"2024-01-29T12:30:57","modified_gmt":"2024-01-29T12:30:57","slug":"ninja-regulejams-kresls","status":"publish","type":"product","link":"https:\/\/lightup.lv\/et\/tootekataloog\/ninja-regulejams-kresls\/","title":{"rendered":"Ninja regul\u0113jams kr\u0113sls"},"content":{"rendered":"<p>Kr\u0101sa : Tum\u0161i br\u016bns<br \/>\nS\u0113des augstums : 41cm<br \/>\nKr\u0113sla platums : 69\/98cm<br \/>\nKr\u0113sla garums : 63cm<br \/>\nKr\u0113sla augstums : 102cm<\/p>\n<p>Ninja s\u0113rijas p\u012bts kr\u0113sls ar m\u0101ksl\u012bgu rotangu un alum\u012bija r\u0101mi. Regul\u0113jama atzveltne. Cen\u0101 spilvens neietilpst<\/p>\n<p>ID 4533-63<\/p>","protected":false},"excerpt":{"rendered":"<p>Brafab on Rootsi ettev\u00f5te, mis pakub terrassim\u00f6\u00f6blit. Tootja pakub erinevates stiilides kollektsioone, mis sobivad igale terrassile.<br \/>\nTerrassim\u00f6\u00f6bel vastab Rootsi kvaliteedi- ja standarditele, mist\u00f5ttu on see kvaliteetne ja sobib \u00f5ues kasutamiseks.<\/p>","protected":false},"featured_media":2160,"template":"","meta":{"_acf_changed":false},"product_brand":[],"product_cat":[51,50],"product_tag":[52],"class_list":{"0":"post-2159","1":"product","2":"type-product","3":"status-publish","4":"has-post-thumbnail","6":"product_cat-kresli-terases-mebeles","7":"product_cat-terases-mebeles","8":"product_tag-brafab","10":"first","11":"instock","12":"shipping-taxable","13":"purchasable","14":"product-type-simple"},"acf":[],"_links":{"self":[{"href":"https:\/\/lightup.lv\/et\/wp-json\/wp\/v2\/product\/2159","targetHints":{"allow":["GET"]}}],"collection":[{"href":"https:\/\/lightup.lv\/et\/wp-json\/wp\/v2\/product"}],"about":[{"href":"https:\/\/lightup.lv\/et\/wp-json\/wp\/v2\/types\/product"}],"wp:featuredmedia":[{"embeddable":true,"href":"https:\/\/lightup.lv\/et\/wp-json\/wp\/v2\/media\/2160"}],"wp:attachment":[{"href":"https:\/\/lightup.lv\/et\/wp-json\/wp\/v2\/media?parent=2159"}],"wp:term":[{"taxonomy":"product_brand","embeddable":true,"href":"https:\/\/lightup.lv\/et\/wp-json\/wp\/v2\/product_brand?post=2159"},{"taxonomy":"product_cat","embeddable":true,"href":"https:\/\/lightup.lv\/et\/wp-json\/wp\/v2\/product_cat?post=2159"},{"taxonomy":"product_tag","embeddable":true,"href":"https:\/\/lightup.lv\/et\/wp-json\/wp\/v2\/product_tag?post=2159"}],"curies":[{"name":"wp","href":"https:\/\/api.w.org\/{rel}","templated":true}]}}