{"id":2170,"date":"2020-03-21T15:33:24","date_gmt":"2020-03-21T15:33:24","guid":{"rendered":"https:\/\/lightup.lv\/product\/paulina-pits-kresls-ar-roku-balstiem\/"},"modified":"2024-01-29T12:30:28","modified_gmt":"2024-01-29T12:30:28","slug":"paulina-pits-kresls-ar-roku-balstiem","status":"publish","type":"product","link":"https:\/\/lightup.lv\/et\/tootekataloog\/paulina-pits-kresls-ar-roku-balstiem\/","title":{"rendered":"Paulina p\u012bts kr\u0113sls ar roku balstiem"},"content":{"rendered":"<p>Kr\u0101sa : B\u0113\u0161s<br \/>\nS\u0113des augstums : 48cm<br \/>\nKr\u0113sla platums : 72cm<br \/>\nKr\u0113sla garums : 64cm<br \/>\nKr\u0113sla augstums : 89cm<\/p>\n<p>Paulina p\u012bts kr\u0113sls no m\u0101ksl\u012bgas rotangpalmas un alum\u012bnija, k\u0101 ar\u012b komplekt\u0101 n\u0101k spilvens b\u0113\u0161\u0101 kr\u0101s\u0101. Elegants, izsmalcin\u0101ts, augsts kr\u0113sls ar gracioz\u0101m l\u012bnij\u0101m un kompaktu izm\u0113ru<\/p>\n<p>ID 5631-53-23<\/p>","protected":false},"excerpt":{"rendered":"<p>Brafab on Rootsi ettev\u00f5te, mis pakub terrassim\u00f6\u00f6blit. Tootja pakub erinevates stiilides kollektsioone, mis sobivad igale terrassile.<br \/>\nTerrassim\u00f6\u00f6bel vastab Rootsi kvaliteedi- ja standarditele, mist\u00f5ttu on see kvaliteetne ja sobib \u00f5ues kasutamiseks.<\/p>","protected":false},"featured_media":2171,"template":"","meta":{"_acf_changed":false},"product_brand":[],"product_cat":[51,50],"product_tag":[52],"class_list":{"0":"post-2170","1":"product","2":"type-product","3":"status-publish","4":"has-post-thumbnail","6":"product_cat-kresli-terases-mebeles","7":"product_cat-terases-mebeles","8":"product_tag-brafab","10":"first","11":"instock","12":"shipping-taxable","13":"purchasable","14":"product-type-simple"},"acf":[],"_links":{"self":[{"href":"https:\/\/lightup.lv\/et\/wp-json\/wp\/v2\/product\/2170","targetHints":{"allow":["GET"]}}],"collection":[{"href":"https:\/\/lightup.lv\/et\/wp-json\/wp\/v2\/product"}],"about":[{"href":"https:\/\/lightup.lv\/et\/wp-json\/wp\/v2\/types\/product"}],"wp:featuredmedia":[{"embeddable":true,"href":"https:\/\/lightup.lv\/et\/wp-json\/wp\/v2\/media\/2171"}],"wp:attachment":[{"href":"https:\/\/lightup.lv\/et\/wp-json\/wp\/v2\/media?parent=2170"}],"wp:term":[{"taxonomy":"product_brand","embeddable":true,"href":"https:\/\/lightup.lv\/et\/wp-json\/wp\/v2\/product_brand?post=2170"},{"taxonomy":"product_cat","embeddable":true,"href":"https:\/\/lightup.lv\/et\/wp-json\/wp\/v2\/product_cat?post=2170"},{"taxonomy":"product_tag","embeddable":true,"href":"https:\/\/lightup.lv\/et\/wp-json\/wp\/v2\/product_tag?post=2170"}],"curies":[{"name":"wp","href":"https:\/\/api.w.org\/{rel}","templated":true}]}}