{"id":22,"date":"2018-07-23T09:04:24","date_gmt":"2018-07-23T09:04:24","guid":{"rendered":"https:\/\/lightup.lv\/product\/pixel-akustiskais-panelis\/"},"modified":"2025-03-18T12:25:36","modified_gmt":"2025-03-18T10:25:36","slug":"piksli-akustiline-paneel","status":"publish","type":"product","link":"https:\/\/lightup.lv\/et\/precu-katalogs\/pixel-akustiskais-panelis\/","title":{"rendered":"Pixel L akustiline paneel"},"content":{"rendered":"<p>M\u00f5\u00f5tmed:<\/p>\n<p>1000 \u00d7 1000 \u00d7 40 mm<\/p>\n<p>Komplekt sisaldab kinnitusklambreid.<\/p>\n<p>Pixeli ID<\/p>","protected":false},"excerpt":{"rendered":"<p>Ruut (100 cm x 100 cm) sobib ideaalselt suurele alale, \u00fcksteise k\u00f5rvale asetamine loob suurep\u00e4rase kompositsiooni ja t\u00e4iusliku heliisolatsiooni.<\/p>","protected":false},"featured_media":23,"template":"","meta":{"_acf_changed":false},"product_brand":[],"product_cat":[18,19],"product_tag":[20],"class_list":{"0":"post-22","1":"product","2":"type-product","3":"status-publish","4":"has-post-thumbnail","6":"product_cat-dizaina-skanas-izolacija","7":"product_cat-fluffo-air-griestiem","8":"product_tag-fluffo","10":"first","11":"instock","12":"shipping-taxable","13":"purchasable","14":"product-type-simple"},"acf":[],"_links":{"self":[{"href":"https:\/\/lightup.lv\/et\/wp-json\/wp\/v2\/product\/22","targetHints":{"allow":["GET"]}}],"collection":[{"href":"https:\/\/lightup.lv\/et\/wp-json\/wp\/v2\/product"}],"about":[{"href":"https:\/\/lightup.lv\/et\/wp-json\/wp\/v2\/types\/product"}],"wp:featuredmedia":[{"embeddable":true,"href":"https:\/\/lightup.lv\/et\/wp-json\/wp\/v2\/media\/23"}],"wp:attachment":[{"href":"https:\/\/lightup.lv\/et\/wp-json\/wp\/v2\/media?parent=22"}],"wp:term":[{"taxonomy":"product_brand","embeddable":true,"href":"https:\/\/lightup.lv\/et\/wp-json\/wp\/v2\/product_brand?post=22"},{"taxonomy":"product_cat","embeddable":true,"href":"https:\/\/lightup.lv\/et\/wp-json\/wp\/v2\/product_cat?post=22"},{"taxonomy":"product_tag","embeddable":true,"href":"https:\/\/lightup.lv\/et\/wp-json\/wp\/v2\/product_tag?post=22"}],"curies":[{"name":"t\u00f6\u00f6leht","href":"https:\/\/api.w.org\/{rel}","templated":true}]}}