{"id":2204,"date":"2020-03-21T19:14:58","date_gmt":"2020-03-21T19:14:58","guid":{"rendered":"https:\/\/lightup.lv\/product\/turin-papildu-galdins\/"},"modified":"2024-01-29T12:26:56","modified_gmt":"2024-01-29T12:26:56","slug":"turin-papildu-galdins","status":"publish","type":"product","link":"https:\/\/lightup.lv\/et\/tootekataloog\/turin-papildu-galdins\/","title":{"rendered":"Turin papildu galdi\u0146\u0161"},"content":{"rendered":"<p>Kr\u0101sa : Gai\u0161i br\u016bns, dab\u012bgs<br \/>\nGalda augstums : 53cm<br \/>\nGalda platums : 40cm<br \/>\nGalda garums : 70cm<\/p>\n<p>Mazs, elast\u012bgs saliekamais t\u012bkkoka galds, ko var izmantot k\u0101 papildus galdu<\/p>\n<p>ID 92036<\/p>","protected":false},"excerpt":{"rendered":"<p>Brafab on Rootsi ettev\u00f5te, mis pakub terrassim\u00f6\u00f6blit. Tootja pakub erinevates stiilides kollektsioone, mis sobivad igale terrassile.<br \/>\nTerrassim\u00f6\u00f6bel vastab Rootsi kvaliteedi- ja standarditele, mist\u00f5ttu on see kvaliteetne ja sobib \u00f5ues kasutamiseks.<\/p>","protected":false},"featured_media":2205,"template":"","meta":{"_acf_changed":false},"product_brand":[],"product_cat":[50],"product_tag":[52],"class_list":{"0":"post-2204","1":"product","2":"type-product","3":"status-publish","4":"has-post-thumbnail","6":"product_cat-terases-mebeles","7":"product_tag-brafab","9":"first","10":"instock","11":"shipping-taxable","12":"purchasable","13":"product-type-simple"},"acf":[],"_links":{"self":[{"href":"https:\/\/lightup.lv\/et\/wp-json\/wp\/v2\/product\/2204","targetHints":{"allow":["GET"]}}],"collection":[{"href":"https:\/\/lightup.lv\/et\/wp-json\/wp\/v2\/product"}],"about":[{"href":"https:\/\/lightup.lv\/et\/wp-json\/wp\/v2\/types\/product"}],"wp:featuredmedia":[{"embeddable":true,"href":"https:\/\/lightup.lv\/et\/wp-json\/wp\/v2\/media\/2205"}],"wp:attachment":[{"href":"https:\/\/lightup.lv\/et\/wp-json\/wp\/v2\/media?parent=2204"}],"wp:term":[{"taxonomy":"product_brand","embeddable":true,"href":"https:\/\/lightup.lv\/et\/wp-json\/wp\/v2\/product_brand?post=2204"},{"taxonomy":"product_cat","embeddable":true,"href":"https:\/\/lightup.lv\/et\/wp-json\/wp\/v2\/product_cat?post=2204"},{"taxonomy":"product_tag","embeddable":true,"href":"https:\/\/lightup.lv\/et\/wp-json\/wp\/v2\/product_tag?post=2204"}],"curies":[{"name":"wp","href":"https:\/\/api.w.org\/{rel}","templated":true}]}}