{"id":2236,"date":"2020-03-21T20:46:55","date_gmt":"2020-03-21T20:46:55","guid":{"rendered":"https:\/\/lightup.lv\/product\/wilkie-saliekamais-aluminija-pusdienu-kresls\/"},"modified":"2024-01-29T12:14:00","modified_gmt":"2024-01-29T12:14:00","slug":"wilkie-saliekamais-aluminija-pusdienu-kresls","status":"publish","type":"product","link":"https:\/\/lightup.lv\/et\/tootekataloog\/wilkie-saliekamais-aluminija-pusdienu-kresls\/","title":{"rendered":"Wilkie saliekamais alum\u012bnija pusdienu kr\u0113sls"},"content":{"rendered":"<p>Kr\u0101sa : Za\u013c\u0161<br \/>\nS\u0113des augstums : 43 cm<br \/>\nKr\u0113sla platums : 58 cm<br \/>\nKr\u0113sla garums : 48 cm<br \/>\nKr\u0113sla augstums : 84 cm<\/p>\n<p>Wilkie s\u0113rijas kr\u0113sls ir moderns, \u0113rts un elegants saliekamais alum\u012bnija kr\u0113sls, kas ir pieejams da\u017e\u0101d\u0101s kr\u0101s\u0101s<\/p>\n<p>ID 6901-31<\/p>","protected":false},"excerpt":{"rendered":"<p>Brafab on Rootsi ettev\u00f5te, mis pakub terrassim\u00f6\u00f6blit. Tootja pakub erinevates stiilides kollektsioone, mis sobivad igale terrassile.<br \/>\nTerrassim\u00f6\u00f6bel vastab Rootsi kvaliteedi- ja standarditele, mist\u00f5ttu on see kvaliteetne ja sobib \u00f5ues kasutamiseks.<\/p>","protected":false},"featured_media":2237,"template":"","meta":{"_acf_changed":false},"product_brand":[],"product_cat":[51,50],"product_tag":[52],"class_list":{"0":"post-2236","1":"product","2":"type-product","3":"status-publish","4":"has-post-thumbnail","6":"product_cat-kresli-terases-mebeles","7":"product_cat-terases-mebeles","8":"product_tag-brafab","10":"first","11":"instock","12":"shipping-taxable","13":"purchasable","14":"product-type-simple"},"acf":[],"_links":{"self":[{"href":"https:\/\/lightup.lv\/et\/wp-json\/wp\/v2\/product\/2236","targetHints":{"allow":["GET"]}}],"collection":[{"href":"https:\/\/lightup.lv\/et\/wp-json\/wp\/v2\/product"}],"about":[{"href":"https:\/\/lightup.lv\/et\/wp-json\/wp\/v2\/types\/product"}],"wp:featuredmedia":[{"embeddable":true,"href":"https:\/\/lightup.lv\/et\/wp-json\/wp\/v2\/media\/2237"}],"wp:attachment":[{"href":"https:\/\/lightup.lv\/et\/wp-json\/wp\/v2\/media?parent=2236"}],"wp:term":[{"taxonomy":"product_brand","embeddable":true,"href":"https:\/\/lightup.lv\/et\/wp-json\/wp\/v2\/product_brand?post=2236"},{"taxonomy":"product_cat","embeddable":true,"href":"https:\/\/lightup.lv\/et\/wp-json\/wp\/v2\/product_cat?post=2236"},{"taxonomy":"product_tag","embeddable":true,"href":"https:\/\/lightup.lv\/et\/wp-json\/wp\/v2\/product_tag?post=2236"}],"curies":[{"name":"wp","href":"https:\/\/api.w.org\/{rel}","templated":true}]}}