{"id":2244,"date":"2020-03-21T21:51:37","date_gmt":"2020-03-21T21:51:37","guid":{"rendered":"https:\/\/lightup.lv\/product\/alvena-kresls-ar-roku-balstiem\/"},"modified":"2024-01-29T12:13:30","modified_gmt":"2024-01-29T12:13:30","slug":"alvena-kresls-ar-roku-balstiem","status":"publish","type":"product","link":"https:\/\/lightup.lv\/et\/tootekataloog\/alvena-kresls-ar-roku-balstiem\/","title":{"rendered":"Alvena kr\u0113sls ar roku balstiem"},"content":{"rendered":"<p>Kr\u0101sa : Melns un pel\u0113ks<br \/>\nS\u0113des augstums : 44 cm<br \/>\nKr\u0113sla platums : 46 cm<br \/>\nKr\u0113sla garums : 56 cm<br \/>\nKr\u0113sla augstums : 95 cm<br \/>\nAlvena s\u0113rijas alum\u012bnija kr\u0113sls ar roku balstiem kr\u0101sots meln\u0101, mat\u0113t\u0101,\u00a0 kr\u0101s\u0101, iztur\u012bgs pret laika apst\u0101k\u013ciem. Komplekt\u0101 ietilpst pel\u0113ks poliestra spilvens.<\/p>\n<p>ID 3401-80-71<\/p>","protected":false},"excerpt":{"rendered":"<p>Brafab on Rootsi ettev\u00f5te, mis pakub terrassim\u00f6\u00f6blit. Tootja pakub erinevates stiilides kollektsioone, mis sobivad igale terrassile.<br \/>\nTerrassim\u00f6\u00f6bel vastab Rootsi kvaliteedi- ja standarditele, mist\u00f5ttu on see kvaliteetne ja sobib \u00f5ues kasutamiseks.<\/p>","protected":false},"featured_media":2245,"template":"","meta":{"_acf_changed":false},"product_brand":[],"product_cat":[51,50],"product_tag":[52],"class_list":{"0":"post-2244","1":"product","2":"type-product","3":"status-publish","4":"has-post-thumbnail","6":"product_cat-kresli-terases-mebeles","7":"product_cat-terases-mebeles","8":"product_tag-brafab","10":"first","11":"instock","12":"shipping-taxable","13":"purchasable","14":"product-type-simple"},"acf":[],"_links":{"self":[{"href":"https:\/\/lightup.lv\/et\/wp-json\/wp\/v2\/product\/2244","targetHints":{"allow":["GET"]}}],"collection":[{"href":"https:\/\/lightup.lv\/et\/wp-json\/wp\/v2\/product"}],"about":[{"href":"https:\/\/lightup.lv\/et\/wp-json\/wp\/v2\/types\/product"}],"wp:featuredmedia":[{"embeddable":true,"href":"https:\/\/lightup.lv\/et\/wp-json\/wp\/v2\/media\/2245"}],"wp:attachment":[{"href":"https:\/\/lightup.lv\/et\/wp-json\/wp\/v2\/media?parent=2244"}],"wp:term":[{"taxonomy":"product_brand","embeddable":true,"href":"https:\/\/lightup.lv\/et\/wp-json\/wp\/v2\/product_brand?post=2244"},{"taxonomy":"product_cat","embeddable":true,"href":"https:\/\/lightup.lv\/et\/wp-json\/wp\/v2\/product_cat?post=2244"},{"taxonomy":"product_tag","embeddable":true,"href":"https:\/\/lightup.lv\/et\/wp-json\/wp\/v2\/product_tag?post=2244"}],"curies":[{"name":"wp","href":"https:\/\/api.w.org\/{rel}","templated":true}]}}