{"id":2254,"date":"2020-03-21T22:26:32","date_gmt":"2020-03-21T22:26:32","guid":{"rendered":"https:\/\/lightup.lv\/product\/vannes-apals-papildu-galdins\/"},"modified":"2024-01-29T12:12:30","modified_gmt":"2024-01-29T12:12:30","slug":"vannes-apals-papildu-galdins","status":"publish","type":"product","link":"https:\/\/lightup.lv\/et\/tootekataloog\/vannes-apals-papildu-galdins\/","title":{"rendered":"Vannes apa\u013c\u0161 papildu galdi\u0146\u0161"},"content":{"rendered":"<p>Kr\u0101sa : Tum\u0161i pel\u0113ks<br \/>\nGalda augstums : 45cm<br \/>\nGalda diametrs : 60cm<br \/>\nVannes s\u0113rijas apa\u013c\u0161 alum\u012bnija papildu galdi\u0146\u0161 tum\u0161i pel\u0113k\u0101 kr\u0101s\u0101 ar noapa\u013cot\u0101m galda k\u0101j\u0101m<\/p>\n<p>ID 4006-73<\/p>","protected":false},"excerpt":{"rendered":"<p>Brafab on Rootsi ettev\u00f5te, mis pakub terrassim\u00f6\u00f6blit. Tootja pakub erinevates stiilides kollektsioone, mis sobivad igale terrassile.<br \/>\nTerrassim\u00f6\u00f6bel vastab Rootsi kvaliteedi- ja standarditele, mist\u00f5ttu on see kvaliteetne ja sobib \u00f5ues kasutamiseks.<\/p>","protected":false},"featured_media":2255,"template":"","meta":{"_acf_changed":false},"product_brand":[],"product_cat":[50],"product_tag":[52],"class_list":{"0":"post-2254","1":"product","2":"type-product","3":"status-publish","4":"has-post-thumbnail","6":"product_cat-terases-mebeles","7":"product_tag-brafab","9":"first","10":"instock","11":"shipping-taxable","12":"purchasable","13":"product-type-simple"},"acf":[],"_links":{"self":[{"href":"https:\/\/lightup.lv\/et\/wp-json\/wp\/v2\/product\/2254","targetHints":{"allow":["GET"]}}],"collection":[{"href":"https:\/\/lightup.lv\/et\/wp-json\/wp\/v2\/product"}],"about":[{"href":"https:\/\/lightup.lv\/et\/wp-json\/wp\/v2\/types\/product"}],"wp:featuredmedia":[{"embeddable":true,"href":"https:\/\/lightup.lv\/et\/wp-json\/wp\/v2\/media\/2255"}],"wp:attachment":[{"href":"https:\/\/lightup.lv\/et\/wp-json\/wp\/v2\/media?parent=2254"}],"wp:term":[{"taxonomy":"product_brand","embeddable":true,"href":"https:\/\/lightup.lv\/et\/wp-json\/wp\/v2\/product_brand?post=2254"},{"taxonomy":"product_cat","embeddable":true,"href":"https:\/\/lightup.lv\/et\/wp-json\/wp\/v2\/product_cat?post=2254"},{"taxonomy":"product_tag","embeddable":true,"href":"https:\/\/lightup.lv\/et\/wp-json\/wp\/v2\/product_tag?post=2254"}],"curies":[{"name":"wp","href":"https:\/\/api.w.org\/{rel}","templated":true}]}}