{"id":2291,"date":"2020-03-22T10:51:35","date_gmt":"2020-03-22T10:51:35","guid":{"rendered":"https:\/\/lightup.lv\/product\/lollipop-gridas-lampa\/"},"modified":"2024-02-04T06:09:44","modified_gmt":"2024-02-04T06:09:44","slug":"lollipop-gridas-lampa","status":"publish","type":"product","link":"https:\/\/lightup.lv\/et\/precu-katalogs\/lollipop-gridas-lampa\/","title":{"rendered":"Lollipopi p\u00f5randalamp"},"content":{"rendered":"<p>4 x max 40W G9 230V<\/p>\n<p>L\u00e4bim\u00f5\u00f5t: 60 cm<\/p>\n<p>H: 155 cm<\/p>\n<p>Kr\u0101sa: Misi\u0146a<\/p>\n<p>Materjal: metall, klaas<\/p>\n<p>Pirnid ei kuulu komplekti.<\/p>\n<p>ID F0042<\/p>","protected":false},"excerpt":{"rendered":"<p>Lollipop ir modernu apgaismes ier\u012b\u010du \u0123imene. Lieliski der interjeriem ar r\u016bpniecisku vai minim\u0101listisku dekoru, bet der\u0113s ar\u012b daudzos citos izk\u0101rtojumos. \u010cetri Lollipop mode\u013ci ir iespaid\u012bgs, gandr\u012bz 1,5 metrus gar\u0161 gaismeklis uz iegarena r\u0101mja ar interesantu formu, k\u0101 ar\u012b tr\u012bs lampas ar p\u0101rvietojam\u0101m rok\u0101m: piekaramais, st\u0101vo\u0161ais un galda, k\u0101 ar\u012b sienas lukturis. Misi\u0146a stie\u0146us, uz kuriem ir uzst\u0101d\u012bti sf\u0113riski stikla to\u0146i ar spuldz\u0113m, var br\u012bvi piel\u0101got, lai luktura formu var\u0113tu piel\u0101got j\u016bsu vajadz\u012bb\u0101m. \u0122eometrija, statiskais un taisnais le\u0146\u0137is, vienm\u0113r\u012bgas p\u0101rejas un vi\u013c\u0146i vai savva\u013cas kompoz\u012bcija, pilna ar diagon\u0101l\u0101m l\u012bnij\u0101m un p\u0101rsteidzo\u0161iem p\u0101rk\u0101pumiem &#8211; tas ir atkar\u012bgs no jums. Neatkar\u012bgi no iestat\u012bjuma, gaismek\u013ci nodro\u0161ina lielu izklied\u0113t\u0101s gaismas daudzumu, un to neparastais, intri\u0123\u0113jo\u0161ais dizains piesaista uzman\u012bbu ne tikai tad, kad tie tiek apgaismoti. Konfekte ir asimetriska, jautra ar formu un \u0161\u0137ipsni\u0146u nepr\u0101ta vislab\u0101kaj\u0101 stil\u0101.<\/p>","protected":false},"featured_media":2292,"template":"","meta":{"_acf_changed":false},"product_brand":[],"product_cat":[42,61],"product_tag":[44],"class_list":{"0":"post-2291","1":"product","2":"type-product","3":"status-publish","4":"has-post-thumbnail","6":"product_cat-apgaismojums","7":"product_cat-stavlampas","8":"product_tag-maxlight","10":"first","11":"instock","12":"shipping-taxable","13":"purchasable","14":"product-type-simple"},"acf":[],"_links":{"self":[{"href":"https:\/\/lightup.lv\/et\/wp-json\/wp\/v2\/product\/2291","targetHints":{"allow":["GET"]}}],"collection":[{"href":"https:\/\/lightup.lv\/et\/wp-json\/wp\/v2\/product"}],"about":[{"href":"https:\/\/lightup.lv\/et\/wp-json\/wp\/v2\/types\/product"}],"wp:featuredmedia":[{"embeddable":true,"href":"https:\/\/lightup.lv\/et\/wp-json\/wp\/v2\/media\/2292"}],"wp:attachment":[{"href":"https:\/\/lightup.lv\/et\/wp-json\/wp\/v2\/media?parent=2291"}],"wp:term":[{"taxonomy":"product_brand","embeddable":true,"href":"https:\/\/lightup.lv\/et\/wp-json\/wp\/v2\/product_brand?post=2291"},{"taxonomy":"product_cat","embeddable":true,"href":"https:\/\/lightup.lv\/et\/wp-json\/wp\/v2\/product_cat?post=2291"},{"taxonomy":"product_tag","embeddable":true,"href":"https:\/\/lightup.lv\/et\/wp-json\/wp\/v2\/product_tag?post=2291"}],"curies":[{"name":"t\u00f6\u00f6leht","href":"https:\/\/api.w.org\/{rel}","templated":true}]}}