{"id":2315,"date":"2020-03-22T11:12:36","date_gmt":"2020-03-22T11:12:36","guid":{"rendered":"https:\/\/lightup.lv\/product\/dallas-5-iekarinama-lampa\/"},"modified":"2024-02-04T06:08:39","modified_gmt":"2024-02-04T06:08:39","slug":"dallas-5-iekarinama-lampa","status":"publish","type":"product","link":"https:\/\/lightup.lv\/et\/precu-katalogs\/dallas-5-iekarinama-lampa\/","title":{"rendered":"DALLAS 5 Iekarin\u0101ma lampa"},"content":{"rendered":"<p>5 x 40W E14 230V<\/p>\n<p>\u00d8: 58 cm<\/p>\n<p>H: max 150 cm<\/p>\n<p>V\u00e4rv: Kuldne<\/p>\n<p>Materjal: metall, klaas<\/p>\n<p>Pirnid ei kuulu komplekti.<\/p>\n<p>ID P0240<\/p>","protected":false},"excerpt":{"rendered":"<div class=\"tlid-input input\">\n<div class=\"source-wrap\">\n<div class=\"input-full-height-wrapper tlid-input-full-height-wrapper\">\n<div class=\"source-input\">\n<div class=\"source-footer-wrap source-or-target-footer\">\n<div class=\"character-count tlid-character-count\">\n<div class=\"cc-ctr normal\"><span style=\"font-size: 16px;\" title=\"\">DALLAS 5 veidgabali attiecas uz dizainu, kas Amerikas Savienotaj\u0101s Valst\u012bs gadiem ilgi ir atradis uztic\u012bgus fanus.<\/span> <span style=\"font-size: 16px;\" title=\"\">Gludas, regul\u0101ri saliektas rokas atbalsta no piena izstr\u0101d\u0101ta stikla izgatavotas gredzenveida nokr\u0101sas.<\/span> <span style=\"font-size: 16px;\" title=\"\">Apgaismojuma izk\u0101rtojumu var veidot no trim mode\u013ciem: div\u0101m piekaram\u0101m lamp\u0101m ar vienu vai pieciem gaismas punktiem un atbilsto\u0161a sienas lampa.<\/span> <span style=\"font-size: 16px;\" title=\"\">Lampas aizpilda vietu ar m\u012bkstu, siltu gaismu, t\u0101p\u0113c t\u0101s ir lieliska izv\u0113le viesistabai, virtuvei un virs galda.<\/span> <span style=\"font-size: 16px;\" title=\"\">Tie lieliski harmoniz\u0113 ar interjeriem, kuros atrodami amerik\u0101\u0146u mot\u012bvi.<\/span> <span class=\"\" style=\"font-size: 16px;\" title=\"\">Vi\u0146i izskat\u0101s interesanti viesistab\u0101, gu\u013camistab\u0101, k\u0101pn\u0113s vai z\u0101l\u0113 k\u0101 papildin\u0101jums modernajam un minim\u0101lisma stilam, k\u0101 ar\u012b vieglai, neuzb\u0101z\u012bgai elegancei.<\/span><\/div>\n<\/div>\n<\/div>\n<\/div>\n<\/div>\n<\/div>\n<\/div>","protected":false},"featured_media":2316,"template":"","meta":{"_acf_changed":false},"product_brand":[],"product_cat":[42,43],"product_tag":[44],"class_list":{"0":"post-2315","1":"product","2":"type-product","3":"status-publish","4":"has-post-thumbnail","6":"product_cat-apgaismojums","7":"product_cat-piekaramas-lampas","8":"product_tag-maxlight","10":"first","11":"instock","12":"shipping-taxable","13":"purchasable","14":"product-type-simple"},"acf":[],"_links":{"self":[{"href":"https:\/\/lightup.lv\/et\/wp-json\/wp\/v2\/product\/2315","targetHints":{"allow":["GET"]}}],"collection":[{"href":"https:\/\/lightup.lv\/et\/wp-json\/wp\/v2\/product"}],"about":[{"href":"https:\/\/lightup.lv\/et\/wp-json\/wp\/v2\/types\/product"}],"wp:featuredmedia":[{"embeddable":true,"href":"https:\/\/lightup.lv\/et\/wp-json\/wp\/v2\/media\/2316"}],"wp:attachment":[{"href":"https:\/\/lightup.lv\/et\/wp-json\/wp\/v2\/media?parent=2315"}],"wp:term":[{"taxonomy":"product_brand","embeddable":true,"href":"https:\/\/lightup.lv\/et\/wp-json\/wp\/v2\/product_brand?post=2315"},{"taxonomy":"product_cat","embeddable":true,"href":"https:\/\/lightup.lv\/et\/wp-json\/wp\/v2\/product_cat?post=2315"},{"taxonomy":"product_tag","embeddable":true,"href":"https:\/\/lightup.lv\/et\/wp-json\/wp\/v2\/product_tag?post=2315"}],"curies":[{"name":"t\u00f6\u00f6leht","href":"https:\/\/api.w.org\/{rel}","templated":true}]}}