{"id":2345,"date":"2020-03-22T11:58:42","date_gmt":"2020-03-22T11:58:42","guid":{"rendered":"https:\/\/lightup.lv\/product\/volos-tikkoka-kresls\/"},"modified":"2024-01-29T11:59:30","modified_gmt":"2024-01-29T11:59:30","slug":"ma-tahan-tikoka-tooli","status":"publish","type":"product","link":"https:\/\/lightup.lv\/et\/tootekataloog\/ma-tahan-tikoka-tooli\/","title":{"rendered":"Volos tiikpuust tool"},"content":{"rendered":"<p>V\u00e4rv: Pruun<br \/>\nIstme k\u00f5rgus: 47 cm<br \/>\nTooli laius: 63 cm<br \/>\nTooli pikkus: 57 cm<br \/>\nTooli k\u00f5rgus: 90 cm<br \/>\nTiikpuust k\u00e4etugedega Volose tool sobib nii aedadesse kui ka v\u00e4iksematesse ruumidesse<\/p>\n<p>ID 20462<\/p>","protected":false},"excerpt":{"rendered":"<p>Brafab on Rootsi ettev\u00f5te, mis pakub terrassim\u00f6\u00f6blit. Tootja pakub erinevates stiilides kollektsioone, mis sobivad igale terrassile.<br \/>\nTerrassim\u00f6\u00f6bel vastab Rootsi kvaliteedi- ja standarditele, mist\u00f5ttu on see kvaliteetne ja sobib \u00f5ues kasutamiseks.<\/p>","protected":false},"featured_media":2346,"template":"","meta":{"_acf_changed":false},"product_brand":[],"product_cat":[51,50],"product_tag":[52],"class_list":{"0":"post-2345","1":"product","2":"type-product","3":"status-publish","4":"has-post-thumbnail","6":"product_cat-kresli-terases-mebeles","7":"product_cat-terases-mebeles","8":"product_tag-brafab","10":"first","11":"instock","12":"shipping-taxable","13":"purchasable","14":"product-type-simple"},"acf":[],"_links":{"self":[{"href":"https:\/\/lightup.lv\/et\/wp-json\/wp\/v2\/product\/2345","targetHints":{"allow":["GET"]}}],"collection":[{"href":"https:\/\/lightup.lv\/et\/wp-json\/wp\/v2\/product"}],"about":[{"href":"https:\/\/lightup.lv\/et\/wp-json\/wp\/v2\/types\/product"}],"wp:featuredmedia":[{"embeddable":true,"href":"https:\/\/lightup.lv\/et\/wp-json\/wp\/v2\/media\/2346"}],"wp:attachment":[{"href":"https:\/\/lightup.lv\/et\/wp-json\/wp\/v2\/media?parent=2345"}],"wp:term":[{"taxonomy":"product_brand","embeddable":true,"href":"https:\/\/lightup.lv\/et\/wp-json\/wp\/v2\/product_brand?post=2345"},{"taxonomy":"product_cat","embeddable":true,"href":"https:\/\/lightup.lv\/et\/wp-json\/wp\/v2\/product_cat?post=2345"},{"taxonomy":"product_tag","embeddable":true,"href":"https:\/\/lightup.lv\/et\/wp-json\/wp\/v2\/product_tag?post=2345"}],"curies":[{"name":"wp","href":"https:\/\/api.w.org\/{rel}","templated":true}]}}