{"id":2553,"date":"2020-03-22T21:00:45","date_gmt":"2020-03-22T21:00:45","guid":{"rendered":"https:\/\/lightup.lv\/product\/zone-ii-sienas-lampa\/"},"modified":"2024-02-04T05:35:37","modified_gmt":"2024-02-04T05:35:37","slug":"zone-ii-sienas-lampa","status":"publish","type":"product","link":"https:\/\/lightup.lv\/et\/tootekataloog\/zone-ii-sienas-lampa\/","title":{"rendered":"ZONE II sienas lampa"},"content":{"rendered":"<p>2 x 4W LED 230V 626 LM<\/p>\n<p>L: 17,5 cm<\/p>\n<p>H: 9 cm<\/p>\n<p>D: 3 cm<\/p>\n<p>Kr\u0101sa: Balts<\/p>\n<p>Materjal: metall<\/p>\n<p>Pirnid ei kuulu komplekti.<\/p>\n<p>ID W0201<\/p>","protected":false},"excerpt":{"rendered":"<p>Maxlight on ettev\u00f5te, millel on \u00fcle k\u00fcmne aasta kogemust valgustite pakkumisel, mis \u00fcllatavad ja inspireerivad julgete disainide ja l\u00f5putute paigutusv\u00f5imalustega. Pakume erinevates stiilides valgusteid, mis sobivad igasse disaini.<\/p>","protected":false},"featured_media":2554,"template":"","meta":{"_acf_changed":false},"product_brand":[],"product_cat":[42,49],"product_tag":[44],"class_list":{"0":"post-2553","1":"product","2":"type-product","3":"status-publish","4":"has-post-thumbnail","6":"product_cat-apgaismojums","7":"product_cat-sienas-lampas","8":"product_tag-maxlight","10":"first","11":"instock","12":"shipping-taxable","13":"purchasable","14":"product-type-simple"},"acf":[],"_links":{"self":[{"href":"https:\/\/lightup.lv\/et\/wp-json\/wp\/v2\/product\/2553","targetHints":{"allow":["GET"]}}],"collection":[{"href":"https:\/\/lightup.lv\/et\/wp-json\/wp\/v2\/product"}],"about":[{"href":"https:\/\/lightup.lv\/et\/wp-json\/wp\/v2\/types\/product"}],"wp:featuredmedia":[{"embeddable":true,"href":"https:\/\/lightup.lv\/et\/wp-json\/wp\/v2\/media\/2554"}],"wp:attachment":[{"href":"https:\/\/lightup.lv\/et\/wp-json\/wp\/v2\/media?parent=2553"}],"wp:term":[{"taxonomy":"product_brand","embeddable":true,"href":"https:\/\/lightup.lv\/et\/wp-json\/wp\/v2\/product_brand?post=2553"},{"taxonomy":"product_cat","embeddable":true,"href":"https:\/\/lightup.lv\/et\/wp-json\/wp\/v2\/product_cat?post=2553"},{"taxonomy":"product_tag","embeddable":true,"href":"https:\/\/lightup.lv\/et\/wp-json\/wp\/v2\/product_tag?post=2553"}],"curies":[{"name":"wp","href":"https:\/\/api.w.org\/{rel}","templated":true}]}}