{"id":2560,"date":"2020-03-22T21:07:42","date_gmt":"2020-03-22T21:07:42","guid":{"rendered":"https:\/\/lightup.lv\/product\/form-plafons\/"},"modified":"2024-02-04T05:34:45","modified_gmt":"2024-02-04T05:34:45","slug":"vormi-lagi","status":"publish","type":"product","link":"https:\/\/lightup.lv\/et\/tootekataloog\/vormi-lagi\/","title":{"rendered":"FORM laevalgusti"},"content":{"rendered":"<p>1 x 50W GU10 230V<\/p>\n<p>L\u00e4bim\u00f5\u00f5t: 8 cm<\/p>\n<p>K\u00f5rgus: 8 cm<\/p>\n<p>V\u00e4rv: must<\/p>\n<p>Materjal: alumiinium<\/p>\n<p>Pirnid ei kuulu komplekti.<\/p>\n<p>ID C0107<\/p>","protected":false},"excerpt":{"rendered":"<p>Tehniline valgusti erilisteks \u00fclesanneteks. Miniatuurne, lihtne ja universaalne \u2013 sobib peaaegu igasse interj\u00f6\u00f6ri. See harmoneerub nii moodsa kui ka minimalistliku sisekujundusega, kuid diskreetse valgusallikana sulandub see \u00fcllatavalt ruumiga. Seda saab paigaldada ka kohtadesse, kus on kokkupuude veepritsmetega.<\/p>","protected":false},"featured_media":2561,"template":"","meta":{"_acf_changed":false},"product_brand":[],"product_cat":[42,54],"product_tag":[44],"class_list":{"0":"post-2560","1":"product","2":"type-product","3":"status-publish","4":"has-post-thumbnail","6":"product_cat-apgaismojums","7":"product_cat-griestu-lampas-plafoni","8":"product_tag-maxlight","10":"first","11":"instock","12":"shipping-taxable","13":"purchasable","14":"product-type-simple"},"acf":[],"_links":{"self":[{"href":"https:\/\/lightup.lv\/et\/wp-json\/wp\/v2\/product\/2560","targetHints":{"allow":["GET"]}}],"collection":[{"href":"https:\/\/lightup.lv\/et\/wp-json\/wp\/v2\/product"}],"about":[{"href":"https:\/\/lightup.lv\/et\/wp-json\/wp\/v2\/types\/product"}],"wp:featuredmedia":[{"embeddable":true,"href":"https:\/\/lightup.lv\/et\/wp-json\/wp\/v2\/media\/2561"}],"wp:attachment":[{"href":"https:\/\/lightup.lv\/et\/wp-json\/wp\/v2\/media?parent=2560"}],"wp:term":[{"taxonomy":"product_brand","embeddable":true,"href":"https:\/\/lightup.lv\/et\/wp-json\/wp\/v2\/product_brand?post=2560"},{"taxonomy":"product_cat","embeddable":true,"href":"https:\/\/lightup.lv\/et\/wp-json\/wp\/v2\/product_cat?post=2560"},{"taxonomy":"product_tag","embeddable":true,"href":"https:\/\/lightup.lv\/et\/wp-json\/wp\/v2\/product_tag?post=2560"}],"curies":[{"name":"wp","href":"https:\/\/api.w.org\/{rel}","templated":true}]}}