{"id":2569,"date":"2020-03-31T09:52:22","date_gmt":"2020-03-31T09:52:22","guid":{"rendered":"https:\/\/lightup.lv\/product\/covelo-pusdienu-kresls-2\/"},"modified":"2024-01-29T11:58:38","modified_gmt":"2024-01-29T11:58:38","slug":"covelo-pusdienu-kresls-2","status":"publish","type":"product","link":"https:\/\/lightup.lv\/et\/tootekataloog\/covelo-pusdienu-kresls-2\/","title":{"rendered":"Covelo pusdienu kr\u0113sls"},"content":{"rendered":"<p>Kr\u0101sa : br\u016bns\/melns\/balts<br \/>\nS\u0113des augstums : 49 cm<br \/>\nKr\u0113sla platums : 50 cm<br \/>\nKr\u0113sla garums : 50 cm<br \/>\nKr\u0113sla augstums : 79 cm<br \/>\nGais\u012bgais austais raksts ir izgatavots no iztur\u012bga rupja m\u0101ksl\u012bg\u0101 rotangpalmas ar \u013coti dabisku izskatu. \u0112rts s\u0113d\u0113\u0161anas komforts un augstie r\u0101mji rada \u012bpa\u0161i m\u0101j\u012bgu saj\u016btu.<\/p>\n<p>ID 5399-65-2<\/p>","protected":false},"excerpt":{"rendered":"<p>Brafab on Rootsi ettev\u00f5te, mis pakub terrassim\u00f6\u00f6blit. Tootja pakub erinevates stiilides kollektsioone, mis sobivad igale terrassile.<br \/>\nTerrassim\u00f6\u00f6bel vastab Rootsi kvaliteedi- ja standarditele, mist\u00f5ttu on see kvaliteetne ja sobib \u00f5ues kasutamiseks.<\/p>","protected":false},"featured_media":2570,"template":"","meta":{"_acf_changed":false},"product_brand":[],"product_cat":[51,50],"product_tag":[52],"class_list":{"0":"post-2569","1":"product","2":"type-product","3":"status-publish","4":"has-post-thumbnail","6":"product_cat-kresli-terases-mebeles","7":"product_cat-terases-mebeles","8":"product_tag-brafab","10":"first","11":"instock","12":"shipping-taxable","13":"purchasable","14":"product-type-simple"},"acf":[],"_links":{"self":[{"href":"https:\/\/lightup.lv\/et\/wp-json\/wp\/v2\/product\/2569","targetHints":{"allow":["GET"]}}],"collection":[{"href":"https:\/\/lightup.lv\/et\/wp-json\/wp\/v2\/product"}],"about":[{"href":"https:\/\/lightup.lv\/et\/wp-json\/wp\/v2\/types\/product"}],"wp:featuredmedia":[{"embeddable":true,"href":"https:\/\/lightup.lv\/et\/wp-json\/wp\/v2\/media\/2570"}],"wp:attachment":[{"href":"https:\/\/lightup.lv\/et\/wp-json\/wp\/v2\/media?parent=2569"}],"wp:term":[{"taxonomy":"product_brand","embeddable":true,"href":"https:\/\/lightup.lv\/et\/wp-json\/wp\/v2\/product_brand?post=2569"},{"taxonomy":"product_cat","embeddable":true,"href":"https:\/\/lightup.lv\/et\/wp-json\/wp\/v2\/product_cat?post=2569"},{"taxonomy":"product_tag","embeddable":true,"href":"https:\/\/lightup.lv\/et\/wp-json\/wp\/v2\/product_tag?post=2569"}],"curies":[{"name":"wp","href":"https:\/\/api.w.org\/{rel}","templated":true}]}}