{"id":2858,"date":"2020-04-08T10:50:27","date_gmt":"2020-04-08T10:50:27","guid":{"rendered":"https:\/\/lightup.lv\/product\/fiji-atputas-kresls\/"},"modified":"2024-02-16T10:02:23","modified_gmt":"2024-02-16T10:02:23","slug":"fiji-atputas-kresls","status":"publish","type":"product","link":"https:\/\/lightup.lv\/et\/tootekataloog\/fiji-atputas-kresls\/","title":{"rendered":"Fiji atp\u016btas kr\u0113sls"},"content":{"rendered":"<p>Kr\u0101sa : balts\/gai\u0161i pel\u0113ks , antrac\u012bts\/tum\u0161i pel\u0113ks<br \/>\nS\u0113des augstums : 40 cm<br \/>\nKr\u0113sla platums : 80 cm<br \/>\nKr\u0113sla augstums : 105cm<br \/>\nSamoa atp\u016btas kr\u0113sls, pel\u0113ks alum\u012bnija r\u0101mis, mitrumiztur\u012bg\u0101 s\u0113de un muguras balsts, akrila pinums, galvas balts.<\/p>\n<p> ID Fiji-antracts\/tumsipeleks<\/p>\n<p> ID Fiji-balts\/gai\u0161i pel\u0113ks<\/p>","protected":false},"excerpt":{"rendered":"<p>Kr\u0101sa : balts\/gai\u0161i pel\u0113ks , antrac\u012bts\/tum\u0161i pel\u0113ks S\u0113des augstums : 40 cm Kr\u0113sla platums : 80 cm Kr\u0113sla augstums : 105cm Samoa atp\u016btas kr\u0113sls, pel\u0113ks alum\u012bnija r\u0101mis, mitrumiztur\u012bg\u0101 s\u0113de un muguras balsts, akrila pinums, galvas balts. ID Fiji-antracts\/tumsipeleks ID Fiji-balts\/gai\u0161i pel\u0113ks<\/p>","protected":false},"featured_media":2859,"template":"","meta":{"_acf_changed":false},"product_brand":[],"product_cat":[73,50],"product_tag":[],"class_list":{"0":"post-2858","1":"product","2":"type-product","3":"status-publish","4":"has-post-thumbnail","6":"product_cat-divani-terases","7":"product_cat-terases-mebeles","9":"first","10":"instock","11":"shipping-taxable","12":"purchasable","13":"product-type-variable"},"acf":[],"_links":{"self":[{"href":"https:\/\/lightup.lv\/et\/wp-json\/wp\/v2\/product\/2858","targetHints":{"allow":["GET"]}}],"collection":[{"href":"https:\/\/lightup.lv\/et\/wp-json\/wp\/v2\/product"}],"about":[{"href":"https:\/\/lightup.lv\/et\/wp-json\/wp\/v2\/types\/product"}],"wp:featuredmedia":[{"embeddable":true,"href":"https:\/\/lightup.lv\/et\/wp-json\/wp\/v2\/media\/2859"}],"wp:attachment":[{"href":"https:\/\/lightup.lv\/et\/wp-json\/wp\/v2\/media?parent=2858"}],"wp:term":[{"taxonomy":"product_brand","embeddable":true,"href":"https:\/\/lightup.lv\/et\/wp-json\/wp\/v2\/product_brand?post=2858"},{"taxonomy":"product_cat","embeddable":true,"href":"https:\/\/lightup.lv\/et\/wp-json\/wp\/v2\/product_cat?post=2858"},{"taxonomy":"product_tag","embeddable":true,"href":"https:\/\/lightup.lv\/et\/wp-json\/wp\/v2\/product_tag?post=2858"}],"curies":[{"name":"wp","href":"https:\/\/api.w.org\/{rel}","templated":true}]}}