{"id":2898,"date":"2020-04-08T11:52:43","date_gmt":"2020-04-08T11:52:43","guid":{"rendered":"https:\/\/lightup.lv\/product\/glendon-terases-divans\/"},"modified":"2024-01-29T11:57:33","modified_gmt":"2024-01-29T11:57:33","slug":"glendon-terases-divans","status":"publish","type":"product","link":"https:\/\/lightup.lv\/et\/tootekataloog\/glendon-terases-divans\/","title":{"rendered":"Glendon terases d\u012bv\u0101ns"},"content":{"rendered":"<p>Kr\u0101sa : r\u016bsgana un smil\u0161u br\u016bna<br \/>\nPlatums : 218 cm<br \/>\nGarums : 102 cm<br \/>\nAugstums :85 cm<br \/>\nS\u0113des augstums: 42 cm<br \/>\nTerases d\u012bv\u0101ns no kl\u016bgu pinuma, r\u016bsgan\u0101 kr\u0101s\u0101 ar smil\u0161kr\u0101sas spilveniem.<\/p>\n<p>ID 3643-61-22<\/p>","protected":false},"excerpt":{"rendered":"<p>Klasisks 3 s\u0113dek\u013cu d\u012bv\u0101ns\u00a0 un atzveltnes kr\u0113sls no kl\u016bgu pinuma, r\u016bsgan\u0101 kr\u0101s\u0101 ar smil\u0161kr\u0101sas spilveniem. Lieliski koplekt\u0113jams ar \u0113damgrupas atzveltnes kr\u0113sliem no Lenora s\u0113rijas.<\/p>","protected":false},"featured_media":2899,"template":"","meta":{"_acf_changed":false},"product_brand":[],"product_cat":[73,50],"product_tag":[52],"class_list":{"0":"post-2898","1":"product","2":"type-product","3":"status-publish","4":"has-post-thumbnail","6":"product_cat-divani-terases","7":"product_cat-terases-mebeles","8":"product_tag-brafab","10":"first","11":"instock","12":"shipping-taxable","13":"purchasable","14":"product-type-simple"},"acf":[],"_links":{"self":[{"href":"https:\/\/lightup.lv\/et\/wp-json\/wp\/v2\/product\/2898","targetHints":{"allow":["GET"]}}],"collection":[{"href":"https:\/\/lightup.lv\/et\/wp-json\/wp\/v2\/product"}],"about":[{"href":"https:\/\/lightup.lv\/et\/wp-json\/wp\/v2\/types\/product"}],"wp:featuredmedia":[{"embeddable":true,"href":"https:\/\/lightup.lv\/et\/wp-json\/wp\/v2\/media\/2899"}],"wp:attachment":[{"href":"https:\/\/lightup.lv\/et\/wp-json\/wp\/v2\/media?parent=2898"}],"wp:term":[{"taxonomy":"product_brand","embeddable":true,"href":"https:\/\/lightup.lv\/et\/wp-json\/wp\/v2\/product_brand?post=2898"},{"taxonomy":"product_cat","embeddable":true,"href":"https:\/\/lightup.lv\/et\/wp-json\/wp\/v2\/product_cat?post=2898"},{"taxonomy":"product_tag","embeddable":true,"href":"https:\/\/lightup.lv\/et\/wp-json\/wp\/v2\/product_tag?post=2898"}],"curies":[{"name":"wp","href":"https:\/\/api.w.org\/{rel}","templated":true}]}}