{"id":2921,"date":"2020-04-08T13:15:29","date_gmt":"2020-04-08T13:15:29","guid":{"rendered":"https:\/\/lightup.lv\/product\/domingo-kresls-ar-roku-balstiem\/"},"modified":"2024-01-29T11:56:31","modified_gmt":"2024-01-29T11:56:31","slug":"domingo-kresls-ar-roku-balstiem","status":"publish","type":"product","link":"https:\/\/lightup.lv\/et\/tootekataloog\/domingo-kresls-ar-roku-balstiem\/","title":{"rendered":"Domingo kr\u0113sls ar roku balstiem"},"content":{"rendered":"<p>Kr\u0101sa : mat\u0113ta balta\/ pel\u0113ka<br \/>\nKr\u0113sla platums : 68 cm<br \/>\nKr\u0113sla augstums : 81 cm<br \/>\nS\u0113des platums: 68 cm<br \/>\nS\u0113des augstums :81 cm<br \/>\nMalaga kr\u0113sls ar roku balstiem, mitrumiztur\u012bg\u0101 akrila p\u012bt\u0101 virve uz s\u0113des un muguras balsta.<br \/>\nDomingo kr\u0113sls ar roku balstiem mat\u0113t\u0101 balt\u0101 kr\u0101s\u0101 ar pel\u0113ku spilvenu.<\/p>\n<p>ID 8152-5-79<\/p>","protected":false},"excerpt":{"rendered":"<p>Domingo atp\u016btas zonas\u00a0 kr\u0113sls un \u0113damkr\u0113sls m\u016bsdienu dizain\u0101 ar izciliem s\u012bkumiem, piem\u0113ram, t\u012bkkoka roku balstiem, konusveid\u012bg\u0101m k\u0101j\u0101m, m\u012bkstu, kr\u0101sotu s\u0113dekli un pilnu atzveltnes pl\u0101ksni.<br \/>\nAbi kr\u0113sli\u00a0 pieejami mat\u0113t\u0101 balt\u0101 kr\u0101s\u0101 ar pel\u0113ku spilvenu.<\/p>","protected":false},"featured_media":2922,"template":"","meta":{"_acf_changed":false},"product_brand":[],"product_cat":[73,51,50],"product_tag":[52],"class_list":{"0":"post-2921","1":"product","2":"type-product","3":"status-publish","4":"has-post-thumbnail","6":"product_cat-divani-terases","7":"product_cat-kresli-terases-mebeles","8":"product_cat-terases-mebeles","9":"product_tag-brafab","11":"first","12":"instock","13":"shipping-taxable","14":"purchasable","15":"product-type-simple"},"acf":[],"_links":{"self":[{"href":"https:\/\/lightup.lv\/et\/wp-json\/wp\/v2\/product\/2921","targetHints":{"allow":["GET"]}}],"collection":[{"href":"https:\/\/lightup.lv\/et\/wp-json\/wp\/v2\/product"}],"about":[{"href":"https:\/\/lightup.lv\/et\/wp-json\/wp\/v2\/types\/product"}],"wp:featuredmedia":[{"embeddable":true,"href":"https:\/\/lightup.lv\/et\/wp-json\/wp\/v2\/media\/2922"}],"wp:attachment":[{"href":"https:\/\/lightup.lv\/et\/wp-json\/wp\/v2\/media?parent=2921"}],"wp:term":[{"taxonomy":"product_brand","embeddable":true,"href":"https:\/\/lightup.lv\/et\/wp-json\/wp\/v2\/product_brand?post=2921"},{"taxonomy":"product_cat","embeddable":true,"href":"https:\/\/lightup.lv\/et\/wp-json\/wp\/v2\/product_cat?post=2921"},{"taxonomy":"product_tag","embeddable":true,"href":"https:\/\/lightup.lv\/et\/wp-json\/wp\/v2\/product_tag?post=2921"}],"curies":[{"name":"wp","href":"https:\/\/api.w.org\/{rel}","templated":true}]}}