{"id":2934,"date":"2020-04-08T18:43:13","date_gmt":"2020-04-08T18:43:13","guid":{"rendered":"https:\/\/lightup.lv\/product\/hornbrook-trisdaligs-divans\/"},"modified":"2024-01-29T11:56:01","modified_gmt":"2024-01-29T11:56:01","slug":"hornbrook-trisdaligs-divans","status":"publish","type":"product","link":"https:\/\/lightup.lv\/et\/tootekataloog\/hornbrook-trisdaligs-divans\/","title":{"rendered":"Hornbrook tr\u012bsda\u013c\u012bgs d\u012bv\u0101ns"},"content":{"rendered":"<p>Kr\u0101sa : Br\u016bna\/B\u0113\u0161a<br \/>\nAugstums : 82 cm<br \/>\nPlatums : 178 cm<br \/>\nGarums : 82 cm<br \/>\nS\u0113des garums : 82 cm<br \/>\nIstme k\u00f5rgus: 47 cm<br \/>\nTr\u012bsda\u013c\u012bgs d\u012bv\u0101ns no b\u0113\u0161a palmukoka pinuma ar m\u012bkstiem spilveniem.<\/p>\n<p>ID 3763-20-02<\/p>","protected":false},"excerpt":{"rendered":"<p>Hornbrook lounge zonas s\u0113rija ar retro piesk\u0101rienu. T\u0101 sast\u0101v no b\u0113\u0161\u0101m palmukoka pinuma deta\u013c\u0101m\u00a0 un b\u0113\u0161iem spilveniem.<\/p>","protected":false},"featured_media":2935,"template":"","meta":{"_acf_changed":false},"product_brand":[],"product_cat":[73,50],"product_tag":[52],"class_list":{"0":"post-2934","1":"product","2":"type-product","3":"status-publish","4":"has-post-thumbnail","6":"product_cat-divani-terases","7":"product_cat-terases-mebeles","8":"product_tag-brafab","10":"first","11":"instock","12":"shipping-taxable","13":"purchasable","14":"product-type-simple"},"acf":[],"_links":{"self":[{"href":"https:\/\/lightup.lv\/et\/wp-json\/wp\/v2\/product\/2934","targetHints":{"allow":["GET"]}}],"collection":[{"href":"https:\/\/lightup.lv\/et\/wp-json\/wp\/v2\/product"}],"about":[{"href":"https:\/\/lightup.lv\/et\/wp-json\/wp\/v2\/types\/product"}],"wp:featuredmedia":[{"embeddable":true,"href":"https:\/\/lightup.lv\/et\/wp-json\/wp\/v2\/media\/2935"}],"wp:attachment":[{"href":"https:\/\/lightup.lv\/et\/wp-json\/wp\/v2\/media?parent=2934"}],"wp:term":[{"taxonomy":"product_brand","embeddable":true,"href":"https:\/\/lightup.lv\/et\/wp-json\/wp\/v2\/product_brand?post=2934"},{"taxonomy":"product_cat","embeddable":true,"href":"https:\/\/lightup.lv\/et\/wp-json\/wp\/v2\/product_cat?post=2934"},{"taxonomy":"product_tag","embeddable":true,"href":"https:\/\/lightup.lv\/et\/wp-json\/wp\/v2\/product_tag?post=2934"}],"curies":[{"name":"wp","href":"https:\/\/api.w.org\/{rel}","templated":true}]}}