{"id":2968,"date":"2020-04-09T13:31:44","date_gmt":"2020-04-09T13:31:44","guid":{"rendered":"https:\/\/lightup.lv\/product\/pembroke-kresls\/"},"modified":"2024-01-29T11:53:21","modified_gmt":"2024-01-29T11:53:21","slug":"pembroke-kresls","status":"publish","type":"product","link":"https:\/\/lightup.lv\/et\/tootekataloog\/pembroke-kresls\/","title":{"rendered":"Pembroke kr\u0113sls"},"content":{"rendered":"<p>Kr\u0101sa: Smil\u0161u br\u016bna<br \/>\nKr\u0113sla platums: 79 cm<br \/>\nGarums : 86 cm<br \/>\nS\u0113des ausgtums: 77 cm<\/p>\n<p>ID 4051-8-21-02<\/p>","protected":false},"excerpt":{"rendered":"<p id=\"mt-result-58\" class=\"mt-translation\"><span class=\"sentence sentence-58-0\"><span class=\"phrase phrase-58-0-1-2-3-4-5-6-7-8-9-10-0-1-2-3-4-5-6-7-8-9\"><span class=\"word word-58-0-0\">Terases d\u012bv\u0101nu<\/span>\u00a0<span class=\"word word-58-1-1\">grupa<\/span>\u00a0<span class=\"word word-58-2-2\">ar<\/span>\u00a0<span class=\"word word-58-3-3\">modern\u0101m<\/span><span class=\"word word-58-4-4\">,<\/span>\u00a0<span class=\"word word-58-5-5\">apa\u013c\u0101m<\/span>\u00a0<span class=\"word word-58-6-6 word-58-7-6\">kont\u016br\u0101m un pinumu. Lieliski savienojama ar galdi\u0146iem no Pamira kolekcijas kl\u0101sta.<\/span><\/span><\/span><\/p>","protected":false},"featured_media":2969,"template":"","meta":{"_acf_changed":false},"product_brand":[],"product_cat":[73,50],"product_tag":[52],"class_list":{"0":"post-2968","1":"product","2":"type-product","3":"status-publish","4":"has-post-thumbnail","6":"product_cat-divani-terases","7":"product_cat-terases-mebeles","8":"product_tag-brafab","10":"first","11":"instock","12":"shipping-taxable","13":"purchasable","14":"product-type-simple"},"acf":[],"_links":{"self":[{"href":"https:\/\/lightup.lv\/et\/wp-json\/wp\/v2\/product\/2968","targetHints":{"allow":["GET"]}}],"collection":[{"href":"https:\/\/lightup.lv\/et\/wp-json\/wp\/v2\/product"}],"about":[{"href":"https:\/\/lightup.lv\/et\/wp-json\/wp\/v2\/types\/product"}],"wp:featuredmedia":[{"embeddable":true,"href":"https:\/\/lightup.lv\/et\/wp-json\/wp\/v2\/media\/2969"}],"wp:attachment":[{"href":"https:\/\/lightup.lv\/et\/wp-json\/wp\/v2\/media?parent=2968"}],"wp:term":[{"taxonomy":"product_brand","embeddable":true,"href":"https:\/\/lightup.lv\/et\/wp-json\/wp\/v2\/product_brand?post=2968"},{"taxonomy":"product_cat","embeddable":true,"href":"https:\/\/lightup.lv\/et\/wp-json\/wp\/v2\/product_cat?post=2968"},{"taxonomy":"product_tag","embeddable":true,"href":"https:\/\/lightup.lv\/et\/wp-json\/wp\/v2\/product_tag?post=2968"}],"curies":[{"name":"wp","href":"https:\/\/api.w.org\/{rel}","templated":true}]}}