{"id":3022,"date":"2020-04-09T09:48:31","date_gmt":"2020-04-09T09:48:31","guid":{"rendered":"https:\/\/lightup.lv\/product\/jamaica-terases-komplekts\/"},"modified":"2024-01-30T07:48:44","modified_gmt":"2024-01-30T07:48:44","slug":"jamaica-terases-komplekts","status":"publish","type":"product","link":"https:\/\/lightup.lv\/et\/tootekataloog\/jamaica-terases-komplekts\/","title":{"rendered":"JAMAICA terases komplekts"},"content":{"rendered":"<p><strong>JAMAICA terases komplekts<\/strong> \/ iesp\u0113jams pas\u016bt\u012bt katru produktu atsevi\u0161\u0137i<br \/>\nKoplekt\u0101 ietilpst : Divi atp\u016btas kr\u0113sli, d\u012bv\u0101ns, \u017eurn\u0101lu galdi\u0146\u0161 .<\/p>\n<p>Kr\u0101sas : Antrac\u012bts\/tum\u0161i pel\u0113ks , balts\/gai\u0161i pel\u0113ks,<\/p>\n<p>JAMAICA terases m\u0113be\u013cu komplekts, alum\u012bnija r\u0101mis, mitrumiztur\u012bg\u0101 auduma s\u0113de un spilveni, kr\u0113sla muguras balsts vaidot no p\u012btas virves virves.<\/p>\n<p><strong>Atp\u016btas kr\u0113sls: 677,60 euro<\/strong><br \/>\nS\u0113des augstums : 40 cm<br \/>\nKr\u0113sla platums : 76 cm<br \/>\nKr\u0113sla augstums : 80 cm<\/p>\n<p><strong>D\u012bv\u0101ns : 1754,50 euro<\/strong><br \/>\nS\u0113des augstums : 40 cm<br \/>\nPlatums : 200cm<br \/>\nAugstums : 80 cm<\/p>\n<p><strong>Galdi\u0146\u0161: 302,50 euro<\/strong><br \/>\nAugstums: 31 cm<br \/>\nGarums: 110 cm<br \/>\nPlatums: 70 cm<\/p>","protected":false},"excerpt":{"rendered":"<p>Grattoni dibin\u0101ts 1972. gad\u0101 San Giovanni al Natisone \u2013 It\u0101lijas kr\u0113slu rajona centr\u0101 \u2013 k\u0101 klasisk\u0101 dizaina kr\u0113slu ra\u017eot\u0101js, uz\u0146\u0113mums 2010. gad\u0101 specializ\u0113j\u0101s komerci\u0101l\u0101 darb\u012bb\u0101, import\u0113jot kvalitat\u012bvas terases m\u0113beles. Starp \u0161iem kr\u0113sliem, d\u012bv\u0101niem, atzveltnes kr\u0113sliem, galdiem un galda pamatiem iek\u0161telp\u0101m un \u0101ra, kas paredz\u0113ti dz\u012bvojamo un horeca pasaulei.<\/p>","protected":false},"featured_media":3023,"template":"","meta":{"_acf_changed":false},"product_brand":[],"product_cat":[73,50],"product_tag":[66],"class_list":{"0":"post-3022","1":"product","2":"type-product","3":"status-publish","4":"has-post-thumbnail","6":"product_cat-divani-terases","7":"product_cat-terases-mebeles","8":"product_tag-grattoni","10":"first","11":"instock","12":"shipping-taxable","13":"purchasable","14":"product-type-simple"},"acf":[],"_links":{"self":[{"href":"https:\/\/lightup.lv\/et\/wp-json\/wp\/v2\/product\/3022","targetHints":{"allow":["GET"]}}],"collection":[{"href":"https:\/\/lightup.lv\/et\/wp-json\/wp\/v2\/product"}],"about":[{"href":"https:\/\/lightup.lv\/et\/wp-json\/wp\/v2\/types\/product"}],"wp:featuredmedia":[{"embeddable":true,"href":"https:\/\/lightup.lv\/et\/wp-json\/wp\/v2\/media\/3023"}],"wp:attachment":[{"href":"https:\/\/lightup.lv\/et\/wp-json\/wp\/v2\/media?parent=3022"}],"wp:term":[{"taxonomy":"product_brand","embeddable":true,"href":"https:\/\/lightup.lv\/et\/wp-json\/wp\/v2\/product_brand?post=3022"},{"taxonomy":"product_cat","embeddable":true,"href":"https:\/\/lightup.lv\/et\/wp-json\/wp\/v2\/product_cat?post=3022"},{"taxonomy":"product_tag","embeddable":true,"href":"https:\/\/lightup.lv\/et\/wp-json\/wp\/v2\/product_tag?post=3022"}],"curies":[{"name":"wp","href":"https:\/\/api.w.org\/{rel}","templated":true}]}}