{"id":3078,"date":"2020-04-09T17:54:00","date_gmt":"2020-04-09T17:54:00","guid":{"rendered":"https:\/\/lightup.lv\/product\/covelo-kafijas-galds\/"},"modified":"2024-01-29T11:51:01","modified_gmt":"2024-01-29T11:51:01","slug":"covelo-kafijas-galds","status":"publish","type":"product","link":"https:\/\/lightup.lv\/et\/precu-katalogs\/covelo-kafijas-galds\/","title":{"rendered":"Covelo kafijas galds"},"content":{"rendered":"<p>Kr\u0101sa: br\u016bns\/ caursp\u012bd\u012bga stikla<br \/>\nPlatums : 122 cm<br \/>\nGarums : 61 cm<br \/>\nAugstums : 45 cm<br \/>\nIztur\u012bgs stikla galds ar m\u0101ksl\u012bg\u0101 rotanga elementiem.<\/p>\n<p>ID 5397-65<\/p>","protected":false},"excerpt":{"rendered":"<p>Covelo terases m\u0113b\u0113\u013cu s\u0113rija no gais\u012bga pinuma\u00a0 izgatavota no iztur\u012bga m\u0101ksl\u012bg\u0101 rotanga ar dabisku izskatu. Lielisks s\u0113dvietu komforts un augsti apsk\u0101vieni rada papildu saj\u016btu. S\u0113rij\u0101 iek\u013cauts tr\u012bs s\u0113dek\u013cu d\u012bv\u0101ns, \u0113rtais kr\u0113sls, kafijas galdi\u0146\u0161 un \u0113damkr\u0113sls.<\/p>","protected":false},"featured_media":3079,"template":"","meta":{"_acf_changed":false},"product_brand":[],"product_cat":[57,50,60],"product_tag":[52],"class_list":{"0":"post-3078","1":"product","2":"type-product","3":"status-publish","4":"has-post-thumbnail","6":"product_cat-galdi-terases-mebeles","7":"product_cat-terases-mebeles","8":"product_cat-kafijas-galdini","9":"product_tag-brafab","11":"first","12":"instock","13":"shipping-taxable","14":"purchasable","15":"product-type-simple"},"acf":[],"_links":{"self":[{"href":"https:\/\/lightup.lv\/et\/wp-json\/wp\/v2\/product\/3078","targetHints":{"allow":["GET"]}}],"collection":[{"href":"https:\/\/lightup.lv\/et\/wp-json\/wp\/v2\/product"}],"about":[{"href":"https:\/\/lightup.lv\/et\/wp-json\/wp\/v2\/types\/product"}],"wp:featuredmedia":[{"embeddable":true,"href":"https:\/\/lightup.lv\/et\/wp-json\/wp\/v2\/media\/3079"}],"wp:attachment":[{"href":"https:\/\/lightup.lv\/et\/wp-json\/wp\/v2\/media?parent=3078"}],"wp:term":[{"taxonomy":"product_brand","embeddable":true,"href":"https:\/\/lightup.lv\/et\/wp-json\/wp\/v2\/product_brand?post=3078"},{"taxonomy":"product_cat","embeddable":true,"href":"https:\/\/lightup.lv\/et\/wp-json\/wp\/v2\/product_cat?post=3078"},{"taxonomy":"product_tag","embeddable":true,"href":"https:\/\/lightup.lv\/et\/wp-json\/wp\/v2\/product_tag?post=3078"}],"curies":[{"name":"t\u00f6\u00f6leht","href":"https:\/\/api.w.org\/{rel}","templated":true}]}}