{"id":3137,"date":"2020-04-18T12:35:40","date_gmt":"2020-04-18T12:35:40","guid":{"rendered":"https:\/\/lightup.lv\/product\/rosita-trisvietigs-divans\/"},"modified":"2024-01-29T11:31:12","modified_gmt":"2024-01-29T11:31:12","slug":"rosita-trisvietigs-divans","status":"publish","type":"product","link":"https:\/\/lightup.lv\/et\/precu-katalogs\/rosita-trisvietigs-divans\/","title":{"rendered":"Rosita kolmekohaline diivan"},"content":{"rendered":"<p>Kr\u0101sa:\u00a0 gai\u0161i br\u016bns rotangs\/gai\u0161i pel\u0113ks rotangs<br \/>\nPikkus: 170 cm<br \/>\nPlatums: 86 cm<br \/>\nAugstums: 103 cm<br \/>\nIstme k\u00f5rgus: 48 cm<br \/>\nRosita terases d\u012bvans pieejams div\u0101s kr\u0101su vari\u0101cij\u0101<\/p>\n<p>ID 3913-21-20<\/p>","protected":false},"excerpt":{"rendered":"<p>Rosita terases m\u0113be\u013cu kl\u0101st\u0101 ir skaists atzveltnes kr\u0113sls, d\u0101rza kr\u0113sls ar augstu muguru un tam pievienoto k\u0101ju kr\u0113slu, tr\u012bsviet\u012bgs d\u012bv\u0101ns un divi galdi, 50&#215;50 cm un 180&#215;80 cm.<br \/>\nBRAFAB Rosita kolekcija ir pieejama pel\u0113k\u0101 un dab\u012bg\u0101 gai\u0161\u0101 rotanga kr\u0101s\u0101.<\/p>","protected":false},"featured_media":3138,"template":"","meta":{"_acf_changed":false},"product_brand":[],"product_cat":[73,50],"product_tag":[52],"class_list":{"0":"post-3137","1":"product","2":"type-product","3":"status-publish","4":"has-post-thumbnail","6":"product_cat-divani-terases","7":"product_cat-terases-mebeles","8":"product_tag-brafab","10":"first","11":"instock","12":"shipping-taxable","13":"purchasable","14":"product-type-simple"},"acf":[],"_links":{"self":[{"href":"https:\/\/lightup.lv\/et\/wp-json\/wp\/v2\/product\/3137","targetHints":{"allow":["GET"]}}],"collection":[{"href":"https:\/\/lightup.lv\/et\/wp-json\/wp\/v2\/product"}],"about":[{"href":"https:\/\/lightup.lv\/et\/wp-json\/wp\/v2\/types\/product"}],"wp:featuredmedia":[{"embeddable":true,"href":"https:\/\/lightup.lv\/et\/wp-json\/wp\/v2\/media\/3138"}],"wp:attachment":[{"href":"https:\/\/lightup.lv\/et\/wp-json\/wp\/v2\/media?parent=3137"}],"wp:term":[{"taxonomy":"product_brand","embeddable":true,"href":"https:\/\/lightup.lv\/et\/wp-json\/wp\/v2\/product_brand?post=3137"},{"taxonomy":"product_cat","embeddable":true,"href":"https:\/\/lightup.lv\/et\/wp-json\/wp\/v2\/product_cat?post=3137"},{"taxonomy":"product_tag","embeddable":true,"href":"https:\/\/lightup.lv\/et\/wp-json\/wp\/v2\/product_tag?post=3137"}],"curies":[{"name":"t\u00f6\u00f6leht","href":"https:\/\/api.w.org\/{rel}","templated":true}]}}