{"id":31756,"date":"2019-11-28T10:43:57","date_gmt":"2019-11-28T08:43:57","guid":{"rendered":"https:\/\/lightup.lv\/precu-katalogs\/cloud-chair-vintage-cocoa\/"},"modified":"2025-05-17T13:31:13","modified_gmt":"2025-05-17T11:31:13","slug":"cloud-chair-vintage-cocoa","status":"publish","type":"product","link":"https:\/\/lightup.lv\/et\/tootekataloog\/cloud-chair-vintage-cocoa\/","title":{"rendered":"Cloud chair &#8211; vintage cocoa"},"content":{"rendered":"<p>Tooli k\u00f5rgus \u2013 85 cm<\/p>\n<p>Tooli pikkus \u2013 50 cm<\/p>\n<p>Istme laius \u2013 56 cm<\/p>\n<p>Istme k\u00f5rgus \u2013 48 cm<\/p>\n<p>Kakao kr\u0101sas \u0101das s\u0113\u017eam\u0101 da\u013ca ar meln\u0101m met\u0101la k\u0101j\u0101m<\/p>\n<p>ID 100800245<\/p>","protected":false},"excerpt":{"rendered":"<p>DAN-FORM on Taani br\u00e4nd, mis pakub kvaliteetset m\u00f6\u00f6blit, mida disainitakse ja toodetakse. Valikusse kuuluvad s\u00f6\u00f6gitoolid, baaritoolid, lamamistoolid, kontoritoolid ja lauad. DAN-FORMi pakutav m\u00f6\u00f6bel on disainitud taskukohaseks ning seda saab kasutada restoranides, hotellides, kontorites ja kodudes. Tootja valikusse kuuluvad nahast, kunstnahast, kangast, metallist ja plastist toolid, samuti puidust lauad ja diivanilauad.<\/p>","protected":false},"featured_media":35772,"template":"","meta":{"_acf_changed":false},"product_brand":[],"product_cat":[28,38],"product_tag":[37],"class_list":{"0":"post-31756","1":"product","2":"type-product","3":"status-publish","4":"has-post-thumbnail","6":"product_cat-kresli","7":"product_cat-kresli-pie-galda","8":"product_tag-dan-form","10":"first","11":"instock","12":"shipping-taxable","13":"purchasable","14":"product-type-simple"},"acf":[],"_links":{"self":[{"href":"https:\/\/lightup.lv\/et\/wp-json\/wp\/v2\/product\/31756","targetHints":{"allow":["GET"]}}],"collection":[{"href":"https:\/\/lightup.lv\/et\/wp-json\/wp\/v2\/product"}],"about":[{"href":"https:\/\/lightup.lv\/et\/wp-json\/wp\/v2\/types\/product"}],"wp:featuredmedia":[{"embeddable":true,"href":"https:\/\/lightup.lv\/et\/wp-json\/wp\/v2\/media\/35772"}],"wp:attachment":[{"href":"https:\/\/lightup.lv\/et\/wp-json\/wp\/v2\/media?parent=31756"}],"wp:term":[{"taxonomy":"product_brand","embeddable":true,"href":"https:\/\/lightup.lv\/et\/wp-json\/wp\/v2\/product_brand?post=31756"},{"taxonomy":"product_cat","embeddable":true,"href":"https:\/\/lightup.lv\/et\/wp-json\/wp\/v2\/product_cat?post=31756"},{"taxonomy":"product_tag","embeddable":true,"href":"https:\/\/lightup.lv\/et\/wp-json\/wp\/v2\/product_tag?post=31756"}],"curies":[{"name":"wp","href":"https:\/\/api.w.org\/{rel}","templated":true}]}}