{"id":31794,"date":"2020-02-07T10:58:16","date_gmt":"2020-02-07T08:58:16","guid":{"rendered":"https:\/\/lightup.lv\/precu-katalogs\/hype-vintage-kakao-krasas-adas-kresls\/"},"modified":"2024-04-02T13:44:29","modified_gmt":"2024-04-02T11:44:29","slug":"hype-vintage-kakao-krasas-adas-kresls","status":"publish","type":"product","link":"https:\/\/lightup.lv\/et\/tootekataloog\/hype-vintage-kakao-krasas-adas-kresls\/","title":{"rendered":"Hype &#8211;  Vintage kakao kr\u0101sas \u0101das kr\u0113sls"},"content":{"rendered":"<p>Tooli k\u00f5rgus \u2013 80 cm<\/p>\n<p>Kr\u0113sla garums \u2013 52 cm<\/p>\n<p>Istme laius \u2013 60 cm<\/p>\n<p>Istme k\u00f5rgus \u2013 46 cm<\/p>\n<p>ID 100300380<\/p>","protected":false},"excerpt":{"rendered":"<p>DAN-FORM on Taani br\u00e4nd, mis pakub kvaliteetset m\u00f6\u00f6blit, mida disainitakse ja toodetakse. Valikusse kuuluvad s\u00f6\u00f6gitoolid, baaritoolid, lamamistoolid, kontoritoolid ja lauad. DAN-FORMi pakutav m\u00f6\u00f6bel on disainitud taskukohaseks ning seda saab kasutada restoranides, hotellides, kontorites ja kodudes. Tootja valikusse kuuluvad nahast, kunstnahast, kangast, metallist ja plastist toolid, samuti puidust lauad ja diivanilauad.<\/p>","protected":false},"featured_media":1570,"template":"","meta":{"_acf_changed":false},"product_brand":[],"product_cat":[28,38],"product_tag":[37],"class_list":{"0":"post-31794","1":"product","2":"type-product","3":"status-publish","4":"has-post-thumbnail","6":"product_cat-kresli","7":"product_cat-kresli-pie-galda","8":"product_tag-dan-form","10":"first","11":"instock","12":"sale","13":"shipping-taxable","14":"purchasable","15":"product-type-simple"},"acf":[],"_links":{"self":[{"href":"https:\/\/lightup.lv\/et\/wp-json\/wp\/v2\/product\/31794","targetHints":{"allow":["GET"]}}],"collection":[{"href":"https:\/\/lightup.lv\/et\/wp-json\/wp\/v2\/product"}],"about":[{"href":"https:\/\/lightup.lv\/et\/wp-json\/wp\/v2\/types\/product"}],"wp:featuredmedia":[{"embeddable":true,"href":"https:\/\/lightup.lv\/et\/wp-json\/wp\/v2\/media\/1570"}],"wp:attachment":[{"href":"https:\/\/lightup.lv\/et\/wp-json\/wp\/v2\/media?parent=31794"}],"wp:term":[{"taxonomy":"product_brand","embeddable":true,"href":"https:\/\/lightup.lv\/et\/wp-json\/wp\/v2\/product_brand?post=31794"},{"taxonomy":"product_cat","embeddable":true,"href":"https:\/\/lightup.lv\/et\/wp-json\/wp\/v2\/product_cat?post=31794"},{"taxonomy":"product_tag","embeddable":true,"href":"https:\/\/lightup.lv\/et\/wp-json\/wp\/v2\/product_tag?post=31794"}],"curies":[{"name":"wp","href":"https:\/\/api.w.org\/{rel}","templated":true}]}}